{"id":1145,"date":"2024-09-06T10:35:22","date_gmt":"2024-09-06T09:35:22","guid":{"rendered":"https:\/\/learningglass.eu\/it\/?page_id=1145"},"modified":"2025-09-11T12:26:47","modified_gmt":"2025-09-11T10:26:47","slug":"lge-s70-specs","status":"publish","type":"page","link":"https:\/\/learningglass.eu\/it\/smart-lightboard\/lge-s70-specs\/","title":{"rendered":"LGE-S70 Specifications"},"content":{"rendered":"[vc_row type=&#8221;full_width_background&#8221; full_screen_row_position=&#8221;middle&#8221; column_margin=&#8221;default&#8221; column_direction=&#8221;default&#8221; column_direction_tablet=&#8221;default&#8221; column_direction_phone=&#8221;default&#8221; bg_color=&#8221;#000000&#8243; bg_image=&#8221;1115&#8243; bg_image_tablet=&#8221;1116&#8243; bg_image_phone=&#8221;1116&#8243; bg_position=&#8221;center center&#8221; background_image_loading=&#8221;default&#8221; bg_repeat=&#8221;no-repeat&#8221; full_height=&#8221;yes&#8221; scene_position=&#8221;center&#8221; text_color=&#8221;light&#8221; text_align=&#8221;center&#8221; row_border_radius=&#8221;none&#8221; row_border_radius_applies=&#8221;bg&#8221; overflow=&#8221;visible&#8221; color_overlay=&#8221;#000000&#8243; color_overlay_2=&#8221;#000000&#8243; overlay_strength=&#8221;0.3&#8243; gradient_direction=&#8221;left_to_right&#8221; shape_divider_position=&#8221;bottom&#8221; bg_image_animation=&#8221;none&#8221; gradient_type=&#8221;default&#8221; shape_type=&#8221;&#8221;][vc_column column_padding=&#8221;no-extra-padding&#8221; column_padding_tablet=&#8221;inherit&#8221; column_padding_phone=&#8221;inherit&#8221; column_padding_position=&#8221;all&#8221; column_element_direction_desktop=&#8221;default&#8221; column_element_spacing=&#8221;default&#8221; desktop_text_alignment=&#8221;default&#8221; tablet_text_alignment=&#8221;default&#8221; phone_text_alignment=&#8221;default&#8221; background_color_opacity=&#8221;1&#8243; background_hover_color_opacity=&#8221;1&#8243; column_backdrop_filter=&#8221;none&#8221; column_shadow=&#8221;none&#8221; column_border_radius=&#8221;none&#8221; column_link_target=&#8221;_self&#8221; column_position=&#8221;default&#8221; gradient_direction=&#8221;left_to_right&#8221; overlay_strength=&#8221;0.3&#8243; width=&#8221;1\/1&#8243; tablet_width_inherit=&#8221;default&#8221; animation_type=&#8221;default&#8221; bg_image_animation=&#8221;none&#8221; border_type=&#8221;simple&#8221; column_border_width=&#8221;none&#8221; column_border_style=&#8221;solid&#8221;][vc_column_text css=&#8221;&#8221; text_direction=&#8221;default&#8221;]\n<h1>Sistema Smart-Lightboard\u2122 LGE-S70<\/h1>\n[\/vc_column_text][divider line_type=&#8221;No Line&#8221; custom_height=&#8221;25&#8243;][vc_column_text css=&#8221;&#8221; text_direction=&#8221;default&#8221;]\n<h4>Dettagli sulle specifiche del prodotto<\/h4>\n[\/vc_column_text][divider line_type=&#8221;No Line&#8221; custom_height=&#8221;25&#8243;][nectar_btn size=&#8221;large&#8221; button_style=&#8221;regular&#8221; button_color_2=&#8221;Extra-Color-1&#8243; icon_family=&#8221;none&#8221; el_class=&#8221;slb-demo&#8221; text=&#8221;Prenota una demo&#8221; url=&#8221;\/it\/demo&#8221; margin_right=&#8221;15&#8243;][\/vc_column][\/vc_row][vc_row type=&#8221;full_width_background&#8221; full_screen_row_position=&#8221;middle&#8221; column_margin=&#8221;default&#8221; column_direction=&#8221;default&#8221; column_direction_tablet=&#8221;default&#8221; column_direction_phone=&#8221;default&#8221; bg_color=&#8221;#f1f2f4&#8243; bg_image=&#8221;945&#8243; background_image_mobile_hidden=&#8221;true&#8221; bg_position=&#8221;right bottom&#8221; background_image_loading=&#8221;default&#8221; bg_repeat=&#8221;no-repeat&#8221; scene_position=&#8221;center&#8221; top_padding=&#8221;100&#8243; bottom_padding=&#8221;40&#8243; top_padding_tablet=&#8221;75&#8243; bottom_padding_tablet=&#8221;40&#8243; top_padding_phone=&#8221;75&#8243; bottom_padding_phone=&#8221;40&#8243; text_color=&#8221;dark&#8221; text_align=&#8221;center&#8221; row_border_radius=&#8221;none&#8221; row_border_radius_applies=&#8221;bg&#8221; overflow=&#8221;visible&#8221; class=&#8221;no-cover&#8221; overlay_strength=&#8221;0.3&#8243; gradient_direction=&#8221;left_to_right&#8221; shape_divider_position=&#8221;bottom&#8221; bg_image_animation=&#8221;none&#8221; gradient_type=&#8221;default&#8221; shape_type=&#8221;&#8221;][vc_column column_padding=&#8221;no-extra-padding&#8221; column_padding_tablet=&#8221;inherit&#8221; column_padding_phone=&#8221;inherit&#8221; column_padding_position=&#8221;all&#8221; column_element_direction_desktop=&#8221;default&#8221; column_element_spacing=&#8221;default&#8221; desktop_text_alignment=&#8221;default&#8221; tablet_text_alignment=&#8221;center&#8221; phone_text_alignment=&#8221;center&#8221; background_color_opacity=&#8221;1&#8243; background_hover_color_opacity=&#8221;1&#8243; column_backdrop_filter=&#8221;none&#8221; column_shadow=&#8221;none&#8221; column_border_radius=&#8221;none&#8221; column_link_target=&#8221;_self&#8221; column_position=&#8221;default&#8221; gradient_direction=&#8221;left_to_right&#8221; overlay_strength=&#8221;0.3&#8243; width=&#8221;1\/1&#8243; tablet_width_inherit=&#8221;default&#8221; animation_type=&#8221;default&#8221; bg_image_animation=&#8221;none&#8221; border_type=&#8221;simple&#8221; column_border_width=&#8221;none&#8221; column_border_style=&#8221;solid&#8221; column_padding_type=&#8221;default&#8221; gradient_type=&#8221;default&#8221;][vc_column_text css=&#8221;&#8221; text_direction=&#8221;default&#8221; max_width=&#8221;800&#8243;]\n<h2>Panoramica del prodotto<\/h2>\n<p>La Smart-Lightboard LGE-S70 da 70&#8243; \u00e8 progettata per essere utilizzata in uno spazio dedicato con un ambiente controllato, come ad esempio uno studio. Con una superficie di lavoro pi\u00f9 ampia (2,5 x 46&#8243;) \u00e8 ideale per gli utenti che devono visualizzare una grande quantit\u00e0 di contenuti sullo schermo, ad esempio una lunga equazione matematica o molte risorse visive contemporaneamente.<\/p>\n<p>L&#8217;S70 viene fornito da solo, senza telecamera o proiettore; tuttavia, siamo in grado di fornire un proiettore full HD a gittata standard. Puoi anche utilizzarne uno tuo. Suggeriamo anche un tavolo motorizzato per facilitare la regolazione dell&#8217;altezza.<\/p>\n<p>Telecamera: la maggior parte delle telecamere di livello professionale sono adatte per le riprese.<\/p>\n<p><a href=\"https:\/\/learningglass.eu\/it\/contact\/\">Contattaci per maggiori informazioni o per una dimostrazione<\/a>.<\/p>\n<p><img loading=\"lazy\" decoding=\"async\" class=\"alignnone size-full wp-image-2581\" src=\"https:\/\/learningglass.eu\/it\/wp-content\/uploads\/sites\/9\/CE_FCC.png\" alt=\"\" width=\"142\" height=\"40\" srcset=\"https:\/\/learningglass.eu\/it\/wp-content\/uploads\/sites\/9\/CE_FCC.png 142w, https:\/\/learningglass.eu\/it\/wp-content\/uploads\/sites\/9\/CE_FCC-140x40.jpg 140w\" sizes=\"auto, (max-width: 142px) 100vw, 142px\" \/>[\/vc_column_text][divider line_type=&#8221;No Line&#8221; custom_height=&#8221;25&#8243;][vc_row_inner column_margin=&#8221;default&#8221; column_direction=&#8221;default&#8221; column_direction_tablet=&#8221;default&#8221; column_direction_phone=&#8221;default&#8221; text_align=&#8221;left&#8221; row_position=&#8221;default&#8221; row_position_tablet=&#8221;inherit&#8221; row_position_phone=&#8221;inherit&#8221; overflow=&#8221;visible&#8221; pointer_events=&#8221;all&#8221;][vc_column_inner column_padding=&#8221;no-extra-padding&#8221; column_padding_tablet=&#8221;inherit&#8221; column_padding_phone=&#8221;inherit&#8221; column_padding_position=&#8221;all&#8221; column_element_direction_desktop=&#8221;default&#8221; column_element_spacing=&#8221;default&#8221; desktop_text_alignment=&#8221;default&#8221; tablet_text_alignment=&#8221;default&#8221; phone_text_alignment=&#8221;default&#8221; background_color_opacity=&#8221;1&#8243; background_hover_color_opacity=&#8221;1&#8243; column_backdrop_filter=&#8221;none&#8221; column_shadow=&#8221;none&#8221; column_border_radius=&#8221;none&#8221; column_link_target=&#8221;_self&#8221; overflow=&#8221;visible&#8221; gradient_direction=&#8221;left_to_right&#8221; overlay_strength=&#8221;0.3&#8243; width=&#8221;1\/4&#8243; tablet_width_inherit=&#8221;default&#8221; animation_type=&#8221;default&#8221; bg_image_animation=&#8221;none&#8221; border_type=&#8221;simple&#8221; column_border_width=&#8221;none&#8221; column_border_style=&#8221;solid&#8221;][\/vc_column_inner][vc_column_inner column_padding=&#8221;no-extra-padding&#8221; column_padding_tablet=&#8221;inherit&#8221; column_padding_phone=&#8221;inherit&#8221; column_padding_position=&#8221;all&#8221; column_element_direction_desktop=&#8221;default&#8221; column_element_spacing=&#8221;default&#8221; desktop_text_alignment=&#8221;default&#8221; tablet_text_alignment=&#8221;default&#8221; phone_text_alignment=&#8221;default&#8221; background_color_opacity=&#8221;1&#8243; background_hover_color_opacity=&#8221;1&#8243; column_backdrop_filter=&#8221;none&#8221; column_shadow=&#8221;none&#8221; column_border_radius=&#8221;none&#8221; column_link_target=&#8221;_self&#8221; overflow=&#8221;visible&#8221; gradient_direction=&#8221;left_to_right&#8221; overlay_strength=&#8221;0.3&#8243; width=&#8221;1\/2&#8243; tablet_width_inherit=&#8221;default&#8221; animation_type=&#8221;default&#8221; bg_image_animation=&#8221;none&#8221; border_type=&#8221;simple&#8221; column_border_width=&#8221;none&#8221; column_border_style=&#8221;solid&#8221;][nectar_global_section id=&#8221;2703&#8243;][\/vc_column_inner][vc_column_inner column_padding=&#8221;no-extra-padding&#8221; column_padding_tablet=&#8221;inherit&#8221; column_padding_phone=&#8221;inherit&#8221; column_padding_position=&#8221;all&#8221; column_element_direction_desktop=&#8221;default&#8221; column_element_spacing=&#8221;default&#8221; desktop_text_alignment=&#8221;default&#8221; tablet_text_alignment=&#8221;default&#8221; phone_text_alignment=&#8221;default&#8221; background_color_opacity=&#8221;1&#8243; background_hover_color_opacity=&#8221;1&#8243; column_backdrop_filter=&#8221;none&#8221; column_shadow=&#8221;none&#8221; column_border_radius=&#8221;none&#8221; column_link_target=&#8221;_self&#8221; overflow=&#8221;visible&#8221; gradient_direction=&#8221;left_to_right&#8221; overlay_strength=&#8221;0.3&#8243; width=&#8221;1\/4&#8243; tablet_width_inherit=&#8221;default&#8221; animation_type=&#8221;default&#8221; bg_image_animation=&#8221;none&#8221; border_type=&#8221;simple&#8221; column_border_width=&#8221;none&#8221; column_border_style=&#8221;solid&#8221;][\/vc_column_inner][\/vc_row_inner][\/vc_column][\/vc_row][vc_row type=&#8221;full_width_background&#8221; full_screen_row_position=&#8221;middle&#8221; column_margin=&#8221;default&#8221; column_direction=&#8221;default&#8221; column_direction_tablet=&#8221;default&#8221; column_direction_phone=&#8221;default&#8221; bg_image=&#8221;958&#8243; background_image_mobile_hidden=&#8221;true&#8221; bg_position=&#8221;right top&#8221; background_image_loading=&#8221;default&#8221; bg_repeat=&#8221;no-repeat&#8221; scene_position=&#8221;center&#8221; top_padding=&#8221;100&#8243; constrain_group_1=&#8221;yes&#8221; bottom_padding=&#8221;100&#8243; top_padding_tablet=&#8221;75&#8243; constrain_group_3=&#8221;yes&#8221; bottom_padding_tablet=&#8221;75&#8243; top_padding_phone=&#8221;75&#8243; constrain_group_5=&#8221;yes&#8221; bottom_padding_phone=&#8221;75&#8243; text_color=&#8221;dark&#8221; text_align=&#8221;center&#8221; row_border_radius=&#8221;none&#8221; row_border_radius_applies=&#8221;bg&#8221; overflow=&#8221;visible&#8221; class=&#8221;no-cover&#8221; overlay_strength=&#8221;0.3&#8243; gradient_direction=&#8221;left_to_right&#8221; shape_divider_position=&#8221;bottom&#8221; bg_image_animation=&#8221;none&#8221; gradient_type=&#8221;default&#8221; shape_type=&#8221;&#8221;][vc_column column_padding=&#8221;no-extra-padding&#8221; column_padding_tablet=&#8221;inherit&#8221; column_padding_phone=&#8221;inherit&#8221; column_padding_position=&#8221;all&#8221; column_element_direction_desktop=&#8221;default&#8221; column_element_spacing=&#8221;default&#8221; desktop_text_alignment=&#8221;default&#8221; tablet_text_alignment=&#8221;center&#8221; phone_text_alignment=&#8221;center&#8221; background_color_opacity=&#8221;1&#8243; background_hover_color_opacity=&#8221;1&#8243; column_backdrop_filter=&#8221;none&#8221; column_shadow=&#8221;none&#8221; column_border_radius=&#8221;none&#8221; column_link_target=&#8221;_self&#8221; column_position=&#8221;default&#8221; gradient_direction=&#8221;left_to_right&#8221; overlay_strength=&#8221;0.3&#8243; width=&#8221;1\/1&#8243; tablet_width_inherit=&#8221;default&#8221; animation_type=&#8221;default&#8221; bg_image_animation=&#8221;none&#8221; border_type=&#8221;simple&#8221; column_border_width=&#8221;none&#8221; column_border_style=&#8221;solid&#8221; column_padding_type=&#8221;default&#8221; gradient_type=&#8221;default&#8221;][vc_column_text css=&#8221;&#8221; text_direction=&#8221;default&#8221;]\n<h3>Dimensioni<\/h3>\n[\/vc_column_text][divider line_type=&#8221;No Line&#8221; custom_height=&#8221;25&#8243;][vc_column_text css=&#8221;&#8221; text_direction=&#8221;default&#8221;]\n\t\t \t<div class=\"item\" style=\"background-color:#ffffff;padding: 0px 0px 0px 0px;\">            \n\t      <div class=\"clearfix\" >\n\n\t        <ul id=\"gwts-gwl-img-gallery2531\" class=\"gwts-gwl-slidergal list-unstyled cS-hidden item-single\" data-litebx=\"false\">\n\t\t\t\t    \n\t\t\t\t\t \t\t<li data-thumb=\"https:\/\/learningglass.eu\/it\/wp-content\/uploads\/sites\/9\/S70V3.1_Front-300x175.jpg\" data-responsive=\"https:\/\/learningglass.eu\/it\/wp-content\/uploads\/sites\/9\/S70V3.1_Front-300x175.jpg\" data-src=\"https:\/\/learningglass.eu\/it\/wp-content\/uploads\/sites\/9\/S70V3.1_Front.jpg\" class=\"\"> \n              \t<img decoding=\"async\" src=\"https:\/\/learningglass.eu\/it\/wp-content\/uploads\/sites\/9\/S70V3.1_Front.jpg\" alt=\"\" \/>\n              \t\t              <\/li>\n\t\t\t\t\t \t\n\t\t\t\t\t \t\t<li data-thumb=\"https:\/\/learningglass.eu\/it\/wp-content\/uploads\/sites\/9\/S70V3.1_Side-300x175.jpg\" data-responsive=\"https:\/\/learningglass.eu\/it\/wp-content\/uploads\/sites\/9\/S70V3.1_Side-300x175.jpg\" data-src=\"https:\/\/learningglass.eu\/it\/wp-content\/uploads\/sites\/9\/S70V3.1_Side.jpg\" class=\"\"> \n              \t<img decoding=\"async\" src=\"https:\/\/learningglass.eu\/it\/wp-content\/uploads\/sites\/9\/S70V3.1_Side.jpg\" alt=\"\" \/>\n              \t\t              <\/li>\n\t\t\t\t\t \t\n\t\t\t\t\t \t\t<li data-thumb=\"https:\/\/learningglass.eu\/it\/wp-content\/uploads\/sites\/9\/S70V3.1_Top-300x175.jpg\" data-responsive=\"https:\/\/learningglass.eu\/it\/wp-content\/uploads\/sites\/9\/S70V3.1_Top-300x175.jpg\" data-src=\"https:\/\/learningglass.eu\/it\/wp-content\/uploads\/sites\/9\/S70V3.1_Top.jpg\" class=\"\"> \n              \t<img decoding=\"async\" src=\"https:\/\/learningglass.eu\/it\/wp-content\/uploads\/sites\/9\/S70V3.1_Top.jpg\" alt=\"\" \/>\n              \t\t              <\/li>\n\t\t\t\t\t \t\n\t\t\t\t\t \t\t<li data-thumb=\"https:\/\/learningglass.eu\/it\/wp-content\/uploads\/sites\/9\/S70V3.1_With-Person_Front-1-300x175.jpg\" data-responsive=\"https:\/\/learningglass.eu\/it\/wp-content\/uploads\/sites\/9\/S70V3.1_With-Person_Front-1-300x175.jpg\" data-src=\"https:\/\/learningglass.eu\/it\/wp-content\/uploads\/sites\/9\/S70V3.1_With-Person_Front-1.jpg\" class=\"\"> \n              \t<img decoding=\"async\" src=\"https:\/\/learningglass.eu\/it\/wp-content\/uploads\/sites\/9\/S70V3.1_With-Person_Front-1.jpg\" alt=\"\" \/>\n              \t\t              <\/li>\n\t\t\t\t\t \t\n\t\t\t\t\t \t\t<li data-thumb=\"https:\/\/learningglass.eu\/it\/wp-content\/uploads\/sites\/9\/S70V3.1_With-Person_Side-1-300x175.jpg\" data-responsive=\"https:\/\/learningglass.eu\/it\/wp-content\/uploads\/sites\/9\/S70V3.1_With-Person_Side-1-300x175.jpg\" data-src=\"https:\/\/learningglass.eu\/it\/wp-content\/uploads\/sites\/9\/S70V3.1_With-Person_Side-1.jpg\" class=\"\"> \n              \t<img decoding=\"async\" src=\"https:\/\/learningglass.eu\/it\/wp-content\/uploads\/sites\/9\/S70V3.1_With-Person_Side-1.jpg\" alt=\"\" \/>\n              \t\t              <\/li>\n\t\t\t\t\t \t\n\t\t\t\t\t \t\t<li data-thumb=\"https:\/\/learningglass.eu\/it\/wp-content\/uploads\/sites\/9\/S70V3.1_With-Person_Top-1-300x175.jpg\" data-responsive=\"https:\/\/learningglass.eu\/it\/wp-content\/uploads\/sites\/9\/S70V3.1_With-Person_Top-1-300x175.jpg\" data-src=\"https:\/\/learningglass.eu\/it\/wp-content\/uploads\/sites\/9\/S70V3.1_With-Person_Top-1.jpg\" class=\"\"> \n              \t<img decoding=\"async\" src=\"https:\/\/learningglass.eu\/it\/wp-content\/uploads\/sites\/9\/S70V3.1_With-Person_Top-1.jpg\" alt=\"\" \/>\n              \t\t              <\/li>\n\t\t\t\t\t \t\t\t\t\t\t<\/ul>\n\t\t\t\t<\/div>\n\t\t\t<\/div>\n\n\t\t\t\t\t\t<style type=\"text\/css\">\n\t\t\t\t.lg .lg-sub-html{\n\t\t\t\t\tdisplay: none !important;\n\t\t\t\t}\n\t\t\t<\/style>\n\t\t\t\n\t\t\t\t\t\t\n\n\t\t\t\t\t\t\t<style>\n\t\t\t\t\t.lSSlideOuter .lSPager.lSGallery {\n\t\t\t\t\t\tmargin-left: auto;\n\t\t\t\t\t\tmargin-right: auto;\n\t\t\t\t\t}\n\t\t\t\t<\/style>\n\t\t\t\t\t\t\t\t<script>\n\t\t    \tjQuery(document).ready(function() {\n\t\t    \t\t\/\/ Ensure lightGallery is available on jQuery\n\t\t    \t\tif (typeof lightGallery !== 'undefined' && !jQuery.fn.lightGallery) {\n\t\t    \t\t\tjQuery.fn.lightGallery = lightGallery;\n\t\t    \t\t}\n\t\t\t\t\tvar setting_download = '';\n\t\t        jQuery('#gwts-gwl-img-gallery2531').lightSlider({\n              item:1,\t\t                \n              slideMargin:10,\n              addClass:'',\n              speed:500,\n              pause:2000,\n              auto:false,\n              loop:false,\n              pager:true,\n              gallery:true,\n              thumbItem:9,\n\t    \t  controls:true,\n\t    \t   \t\t\t\t\t\t\t\n\t    \t\t\t\tresponsive : [\n\t\t            {\n\t                breakpoint:800,\n\t                settings: {\n                    item:1,\n                    slideMove:1,\n                  }\n\t\t            },\n\t\t            {\n\t                breakpoint:641,\n\t                settings: {\n                    item:1,\n                    slideMove:1,\n                  }\n\t\t            },\n\t\t            {\n\t                breakpoint:480,\n\t                settings: {\n                    item:1,\n                    slideMove:1,\n                  }\n\t\t            },\t\t\t\t\t\t           \n\t\t\t\t\t\t  ],\n\t    \t\t\t\t\tuseCSS: true,\n\t        \t\t\tcssEasing: 'ease',\n\t        \t\t\teasing: 'linear',\n\t        \t\t\tkeyPress: false,\n\t        \t\t\tslideEndAnimation: true,\n\t        \t\t\tswipeThreshold: 40,        \t\t\t\n\t\t              \tonSliderLoad: function(el) {\n\t\t\t\t\t\t\tjQuery('#gwts-gwl-img-gallery2531').removeClass('cS-hidden');\n\t\t\t\t\t\t\tjQuery('#gwts-gwl-img-gallery2531').addClass('gwts-loaded');\n\t\t\t\t\t\t\t\n\t\t\t\t\t\t\tvar lithbox = jQuery('#gwts-gwl-img-gallery2531').attr(\"data-litebx\");\n\t\t\t\t\t\t\tif(lithbox=='true'){\n\t\t\t\t\t\t\t\tvar galleryElement = jQuery('#gwts-gwl-img-gallery2531');\n\t\t\t\t\t\t\t\tvar galleryItems = galleryElement.find('.lslide');\n\t\t\t\t\t\t\t\tif(galleryElement.length > 0 && galleryItems.length > 0 && typeof jQuery.fn.lightGallery !== 'undefined'){\n                                    galleryElement.lightGallery({\n                                        download: setting_download,\n                                        selector: '#gwts-gwl-img-gallery2531 li'\n                                    });\n\t\t\t\t\t\t\t\t}\n\t\t\t\t\t\t\t}\t\n\t\t              \t}  \n\t\t\t        });\n\t\t\t\t\t});\n\t\t    \t\t\t\t<\/script>\n\t\t \n<p>Regolazione dell&#8217;altezza:<br \/>\nSi consiglia di utilizzare un tavolo motorizzato regolabile in altezza (non incluso).<\/p>\n<p>Tutte le misure sono in mm[\/vc_column_text][divider line_type=&#8221;No Line&#8221; custom_height=&#8221;25&#8243;][vc_column_text css=&#8221;&#8221; text_direction=&#8221;default&#8221;]\n<table id=\"tablepress-2\" class=\"tablepress tablepress-id-2 tbody-has-connected-cells\">\n<thead>\n<tr class=\"row-1\">\n\t<th class=\"column-1\">COMPONENTI<\/th><th class=\"column-2\">SPECIFICHE E DIMENSIONI<\/th>\n<\/tr>\n<\/thead>\n<tbody>\n<tr class=\"row-2\">\n\t<td colspan=\"2\" class=\"column-1\"><strong>Schermo<\/strong><\/td>\n<\/tr>\n<tr class=\"row-3\">\n\t<td class=\"column-1\">Schermo trasparente con chip fotonico<\/td><td class=\"column-2\">HB1, 1521mm \u00d7 845,9mm<\/td>\n<\/tr>\n<tr class=\"row-4\">\n\t<td class=\"column-1\">Vetro temperato<\/td><td class=\"column-2\">Vetro bianco temperato trasparente, 1570mm \u00d7 900mm, spessore 3,5mm<\/td>\n<\/tr>\n<tr class=\"row-5\">\n\t<td class=\"column-1\">Area della superficie di lavoro del vetro<\/td><td class=\"column-2\">1521mm \u00d7 845,9mm<\/td>\n<\/tr>\n<tr class=\"row-6\">\n\t<td colspan=\"2\" class=\"column-1\"><strong>Proiezione<\/strong><\/td>\n<\/tr>\n<tr class=\"row-7\">\n\t<td class=\"column-1\">Proiettore a gittata standard<\/td><td class=\"column-2\">Rapporto di proiezione 1,4-2,24, Full HD (1920 \u00d7 1080), 4500 ANSI lumen<\/td>\n<\/tr>\n<tr class=\"row-8\">\n\t<td class=\"column-1\">Dimensioni<\/td><td class=\"column-2\">274\u00d7216\u00d7114 mm<\/td>\n<\/tr>\n<tr class=\"row-9\">\n\t<td class=\"column-1\">Peso del proiettore<\/td><td class=\"column-2\">3kg<\/td>\n<\/tr>\n<tr class=\"row-10\">\n\t<td colspan=\"2\" class=\"column-1\"><strong>Attrezzatura Interattiva<\/strong><\/td>\n<\/tr>\n<tr class=\"row-11\">\n\t<td class=\"column-1\">Touch Capacitivo Proiettato (PCT)<\/td><td class=\"column-2\">70\" multi-touch a 40 punti, 1521mm \u00d7 845,9mm, stilo incluso<\/td>\n<\/tr>\n<tr class=\"row-12\">\n\t<td colspan=\"2\" class=\"column-1\"><strong>Parti Strutturali<\/strong><\/td>\n<\/tr>\n<tr class=\"row-13\">\n\t<td class=\"column-1\">Interfaccia<\/td><td class=\"column-2\">HDMI2.0, USB3.0<\/td>\n<\/tr>\n<tr class=\"row-14\">\n\t<td class=\"column-1\">Cornice dello schermo<\/td><td class=\"column-2\">Cornice in alluminio di alta qualit\u00e0, 1615,5\u00d7945\u00d730mm<\/td>\n<\/tr>\n<tr class=\"row-15\">\n\t<td class=\"column-1\">Luci LED del presentatore con dimmer<\/td><td class=\"column-2\">Temperatura colore 6000k, alimentazione 24V, dimmer e telecomando inclusi<\/td>\n<\/tr>\n<tr class=\"row-16\">\n\t<td class=\"column-1\">Materiale di imballaggio (Flight Case)<\/td><td class=\"column-2\">1690mm \u00d7 1100mm \u00d7 300mm<\/td>\n<\/tr>\n<tr class=\"row-17\">\n\t<td colspan=\"2\" class=\"column-1\"><strong>Peso e Altezza<\/strong><\/td>\n<\/tr>\n<tr class=\"row-18\">\n\t<td class=\"column-1\">Peso totale (escluso il proiettore)<\/td><td class=\"column-2\">22,8 kg<\/td>\n<\/tr>\n<tr class=\"row-19\">\n\t<td class=\"column-1\">Peso totale incluso flight case<\/td><td class=\"column-2\">73,3 kg<\/td>\n<\/tr>\n<tr class=\"row-20\">\n\t<td class=\"column-1\">Altezza della cornice<\/td><td class=\"column-2\">1230 mm<\/td>\n<\/tr>\n<\/tbody>\n<\/table>\n<!-- #tablepress-2 from cache -->[\/vc_column_text][\/vc_column][\/vc_row][vc_row type=&#8221;full_width_background&#8221; full_screen_row_position=&#8221;middle&#8221; column_margin=&#8221;default&#8221; column_direction=&#8221;default&#8221; column_direction_tablet=&#8221;default&#8221; column_direction_phone=&#8221;default&#8221; bg_color=&#8221;#4a5df2&#8243; scene_position=&#8221;center&#8221; top_padding=&#8221;60&#8243; constrain_group_1=&#8221;yes&#8221; bottom_padding=&#8221;60&#8243; text_color=&#8221;light&#8221; text_align=&#8221;center&#8221; row_border_radius=&#8221;none&#8221; row_border_radius_applies=&#8221;bg&#8221; overflow=&#8221;visible&#8221; overlay_strength=&#8221;0.3&#8243; gradient_direction=&#8221;left_to_right&#8221; shape_divider_position=&#8221;bottom&#8221; bg_image_animation=&#8221;none&#8221; gradient_type=&#8221;default&#8221; shape_type=&#8221;&#8221;][vc_column column_padding=&#8221;no-extra-padding&#8221; column_padding_tablet=&#8221;inherit&#8221; column_padding_phone=&#8221;inherit&#8221; column_padding_position=&#8221;all&#8221; column_element_direction_desktop=&#8221;default&#8221; column_element_spacing=&#8221;default&#8221; desktop_text_alignment=&#8221;default&#8221; tablet_text_alignment=&#8221;default&#8221; phone_text_alignment=&#8221;default&#8221; background_color_opacity=&#8221;1&#8243; background_hover_color_opacity=&#8221;1&#8243; column_backdrop_filter=&#8221;none&#8221; column_shadow=&#8221;none&#8221; column_border_radius=&#8221;none&#8221; column_link_target=&#8221;_self&#8221; column_position=&#8221;default&#8221; gradient_direction=&#8221;left_to_right&#8221; overlay_strength=&#8221;0.3&#8243; width=&#8221;1\/1&#8243; tablet_width_inherit=&#8221;default&#8221; animation_type=&#8221;default&#8221; bg_image_animation=&#8221;none&#8221; border_type=&#8221;simple&#8221; column_border_width=&#8221;none&#8221; column_border_style=&#8221;solid&#8221;][vc_column_text css=&#8221;&#8221; text_direction=&#8221;default&#8221;]\n<h2>Scopri come funziona la Smart-Lightboard\u2122 di<\/h2>\n[\/vc_column_text][divider line_type=&#8221;No Line&#8221; custom_height=&#8221;25&#8243;][nectar_btn size=&#8221;large&#8221; button_style=&#8221;regular&#8221; button_color_2=&#8221;Extra-Color-1&#8243; color_override=&#8221;#29cbf7&#8243; icon_family=&#8221;none&#8221; el_class=&#8221;slb-demo&#8221; text=&#8221;Prenota una demo&#8221; url=&#8221;\/it\/demo&#8221;][divider line_type=&#8221;Full Width Line&#8221; line_thickness=&#8221;10&#8243; divider_color=&#8221;default&#8221; custom_height=&#8221;100&#8243;][vc_column_text css=&#8221;&#8221; text_direction=&#8221;default&#8221;]\n<h2>Contattaci per un preventivo<\/h2>\n[\/vc_column_text][divider line_type=&#8221;No Line&#8221; custom_height=&#8221;25&#8243;][nectar_btn size=&#8221;large&#8221; button_style=&#8221;regular&#8221; button_color_2=&#8221;Extra-Color-1&#8243; icon_family=&#8221;none&#8221; text=&#8221;Richiedi un preventivo&#8221; margin_right=&#8221;15&#8243; url=&#8221;\/it\/quote\/&#8221;][\/vc_column][\/vc_row]\n","protected":false},"excerpt":{"rendered":"<p>[vc_row&#8230;<\/p>\n","protected":false},"author":1,"featured_media":0,"parent":464,"menu_order":6,"comment_status":"closed","ping_status":"closed","template":"","meta":{"footnotes":""},"class_list":["post-1145","page","type-page","status-publish"],"_links":{"self":[{"href":"https:\/\/learningglass.eu\/it\/wp-json\/wp\/v2\/pages\/1145","targetHints":{"allow":["GET"]}}],"collection":[{"href":"https:\/\/learningglass.eu\/it\/wp-json\/wp\/v2\/pages"}],"about":[{"href":"https:\/\/learningglass.eu\/it\/wp-json\/wp\/v2\/types\/page"}],"author":[{"embeddable":true,"href":"https:\/\/learningglass.eu\/it\/wp-json\/wp\/v2\/users\/1"}],"replies":[{"embeddable":true,"href":"https:\/\/learningglass.eu\/it\/wp-json\/wp\/v2\/comments?post=1145"}],"version-history":[{"count":12,"href":"https:\/\/learningglass.eu\/it\/wp-json\/wp\/v2\/pages\/1145\/revisions"}],"predecessor-version":[{"id":3120,"href":"https:\/\/learningglass.eu\/it\/wp-json\/wp\/v2\/pages\/1145\/revisions\/3120"}],"up":[{"embeddable":true,"href":"https:\/\/learningglass.eu\/it\/wp-json\/wp\/v2\/pages\/464"}],"wp:attachment":[{"href":"https:\/\/learningglass.eu\/it\/wp-json\/wp\/v2\/media?parent=1145"}],"curies":[{"name":"wp","href":"https:\/\/api.w.org\/{rel}","templated":true}]}}