{"id":1910,"date":"2025-01-14T08:14:03","date_gmt":"2025-01-14T08:14:03","guid":{"rendered":"https:\/\/learningglass.eu\/es\/?page_id=1910"},"modified":"2025-05-04T09:52:33","modified_gmt":"2025-05-04T07:52:33","slug":"privacy","status":"publish","type":"page","link":"https:\/\/learningglass.eu\/es\/privacy\/","title":{"rendered":"Privacy Policy"},"content":{"rendered":"[vc_row type=\u00bbfull_width_background\u00bb full_screen_row_position=\u00bbmiddle\u00bb column_margin=\u00bbdefault\u00bb column_direction=\u00bbdefault\u00bb column_direction_tablet=\u00bbdefault\u00bb column_direction_phone=\u00bbdefault\u00bb scene_position=\u00bbcenter\u00bb top_padding=\u00bb40&#8243; constrain_group_1=\u00bbyes\u00bb bottom_padding=\u00bb40&#8243; text_color=\u00bbdark\u00bb text_align=\u00bbleft\u00bb row_border_radius=\u00bbnone\u00bb row_border_radius_applies=\u00bbbg\u00bb overflow=\u00bbvisible\u00bb overlay_strength=\u00bb0.3&#8243; gradient_direction=\u00bbleft_to_right\u00bb shape_divider_position=\u00bbbottom\u00bb bg_image_animation=\u00bbnone\u00bb gradient_type=\u00bbdefault\u00bb shape_type=\u00bb\u00bb][vc_column column_padding=\u00bbno-extra-padding\u00bb column_padding_tablet=\u00bbinherit\u00bb column_padding_phone=\u00bbinherit\u00bb column_padding_position=\u00bball\u00bb column_element_direction_desktop=\u00bbdefault\u00bb column_element_spacing=\u00bbdefault\u00bb desktop_text_alignment=\u00bbdefault\u00bb tablet_text_alignment=\u00bbcenter\u00bb phone_text_alignment=\u00bbcenter\u00bb background_color_opacity=\u00bb1&#8243; background_hover_color_opacity=\u00bb1&#8243; column_backdrop_filter=\u00bbnone\u00bb column_shadow=\u00bbnone\u00bb column_border_radius=\u00bbnone\u00bb column_link_target=\u00bb_self\u00bb column_position=\u00bbdefault\u00bb gradient_direction=\u00bbleft_to_right\u00bb overlay_strength=\u00bb0.3&#8243; width=\u00bb1\/1&#8243; tablet_width_inherit=\u00bbdefault\u00bb animation_type=\u00bbdefault\u00bb bg_image_animation=\u00bbnone\u00bb border_type=\u00bbsimple\u00bb column_border_width=\u00bbnone\u00bb column_border_style=\u00bbsolid\u00bb column_padding_type=\u00bbdefault\u00bb gradient_type=\u00bbdefault\u00bb][vc_column_text css=\u00bb\u00bb text_direction=\u00bbdefault\u00bb]\n<h3>Learning Glass Europe B.V. &#8211; Pol\u00edtica de privacidad<\/h3>\n<p>Esta Pol\u00edtica de Privacidad describe las pol\u00edticas de Learning Glass Europe B.V., Overwegwachter 4, Holanda Meridional 3034 KG, Pa\u00edses Bajos (the), email: info@learningglass.eu, tel\u00e9fono: +31 108906623 sobre la recopilaci\u00f3n, uso y divulgaci\u00f3n de tu informaci\u00f3n que recopilamos cuando utilizas nuestro sitio web ( https:\/\/learningglass.eu ). (el \u00abServicio\u00bb). Al acceder o utilizar el Servicio, est\u00e1s dando tu consentimiento a la recogida, uso y divulgaci\u00f3n de tu informaci\u00f3n de acuerdo con esta Pol\u00edtica de Privacidad. Si no das tu consentimiento, por favor, no accedas ni utilices el Servicio.<\/p>\n<p>Podemos modificar esta Pol\u00edtica de Privacidad en cualquier momento sin previo aviso y publicaremos la Pol\u00edtica de Privacidad revisada en el Servicio. La Pol\u00edtica revisada entrar\u00e1 en vigor a los 180 d\u00edas de su publicaci\u00f3n en el Servicio y tu acceso o uso continuado del Servicio despu\u00e9s de dicho plazo constituir\u00e1 tu aceptaci\u00f3n de la Pol\u00edtica de Privacidad revisada. Por lo tanto, te recomendamos que revises peri\u00f3dicamente esta p\u00e1gina.<\/p>\n<p>Informaci\u00f3n que recogemos:<\/p>\n<p><strong>Recogeremos y procesaremos la siguiente informaci\u00f3n personal sobre ti:<\/strong><\/p>\n<ul>\n<li>Nombre<\/li>\n<li>Env\u00eda un correo electr\u00f3nico a<\/li>\n<li>M\u00f3vil<\/li>\n<\/ul>\n<p><strong>C\u00f3mo utilizamos tu informaci\u00f3n:<\/strong><\/p>\n<p>Utilizaremos la informaci\u00f3n que recopilemos sobre ti para los siguientes fines:<\/p>\n<ul>\n<li>Marketing\/Promoci\u00f3n<\/li>\n<li>Publicidad dirigida<\/li>\n<\/ul>\n<p>Si queremos utilizar tus datos para cualquier otro fin, te pediremos tu consentimiento y utilizaremos tus datos s\u00f3lo cuando recibamos tu consentimiento y, en ese caso, s\u00f3lo para el fin o fines para los que otorgamos el consentimiento, a menos que la ley nos obligue a hacer otra cosa.<\/p>\n<p><strong>C\u00f3mo compartimos tu informaci\u00f3n:<\/strong><\/p>\n<p>No transferiremos tu informaci\u00f3n personal a terceros sin solicitar tu consentimiento, excepto en circunstancias limitadas como se describe a continuaci\u00f3n:<\/p>\n<ul>\n<li>Servicio de anuncios<\/li>\n<li>Anal\u00edtica<\/li>\n<\/ul>\n<p>Exigimos a dichos terceros que utilicen la informaci\u00f3n personal que les transferimos \u00fanicamente para el fin para el que fue transferida y que no la conserven durante m\u00e1s tiempo del necesario para cumplir dicho fin.<\/p>\n<p>Tambi\u00e9n podemos revelar tu informaci\u00f3n personal para lo siguiente (1) para cumplir con la ley, normativa, orden judicial u otro proceso legal aplicable; (2) para hacer cumplir tus acuerdos con nosotros, incluida esta Pol\u00edtica de Privacidad; o (3) para responder a reclamaciones de que tu uso del Servicio viola cualquier derecho de terceros. Si el Servicio o nuestra empresa se fusionan o adquieren con otra empresa, tu informaci\u00f3n ser\u00e1 uno de los activos que se transfieran al nuevo propietario.<\/p>\n<p><strong>Conservaci\u00f3n de tu informaci\u00f3n:<\/strong><\/p>\n<p>Conservaremos tu informaci\u00f3n personal entre 90 d\u00edas y 2 a\u00f1os despu\u00e9s de que los usuarios cancelen sus cuentas o durante el tiempo que la necesitemos para cumplir los fines para los que fue recopilada, tal y como se detalla en esta Pol\u00edtica de privacidad. Es posible que necesitemos conservar cierta informaci\u00f3n durante per\u00edodos m\u00e1s largos, como el mantenimiento de registros\/informes de acuerdo con la legislaci\u00f3n aplicable o por otras razones leg\u00edtimas como el cumplimiento de derechos legales, la prevenci\u00f3n del fraude, etc. La informaci\u00f3n an\u00f3nima residual y la informaci\u00f3n agregada, ninguna de las cuales te identifica (directa o indirectamente), pueden almacenarse indefinidamente.<\/p>\n<p><strong>Tus derechos:<\/strong><\/p>\n<p>Dependiendo de la legislaci\u00f3n aplicable, puedes tener derecho a acceder y rectificar o borrar tus datos personales o recibir una copia de los mismos, restringir u oponerte al tratamiento activo de tus datos, pedirnos que compartamos (portemos) tu informaci\u00f3n personal a otra entidad, retirar cualquier consentimiento que nos hayas proporcionado para el tratamiento de tus datos, derecho a presentar una reclamaci\u00f3n ante una autoridad legal y otros derechos que puedan ser pertinentes seg\u00fan la legislaci\u00f3n aplicable. Para ejercer estos derechos, puedes escribirnos a info@learningglass.eu. Responderemos a tu solicitud de conformidad con la legislaci\u00f3n aplicable.<\/p>\n<p>Puedes excluirte de las comunicaciones de marketing directo o de la elaboraci\u00f3n de perfiles que realizamos con fines de marketing escribi\u00e9ndonos a info@learningglass.eu.<\/p>\n<p>Ten en cuenta que si no nos permites recoger o procesar la informaci\u00f3n personal requerida o retiras el consentimiento para procesar la misma para los fines requeridos, es posible que no puedas acceder o utilizar los servicios para los que se solicitaron tus datos.<\/p>\n<p><strong>Cookies Etc.<\/strong><\/p>\n<p>Para obtener m\u00e1s informaci\u00f3n sobre c\u00f3mo las utilizamos y tus opciones en relaci\u00f3n con estas tecnolog\u00edas de rastreo, consulta nuestra Pol\u00edtica de Cookies.<\/p>\n<p><strong>Seguridad:<\/strong><\/p>\n<p>La seguridad de tu informaci\u00f3n es importante para nosotros y utilizaremos medidas de seguridad razonables para evitar la p\u00e9rdida, el uso indebido o la alteraci\u00f3n no autorizada de tu informaci\u00f3n bajo nuestro control. Sin embargo, dados los riesgos inherentes, no podemos garantizar una seguridad absoluta y, en consecuencia, no podemos asegurar ni garantizar la seguridad de ninguna informaci\u00f3n que nos transmitas y lo haces por tu cuenta y riesgo.<\/p>\n<p><strong>Enlaces de terceros y uso de tu informaci\u00f3n:<\/strong><\/p>\n<p>Nuestro Servicio puede contener enlaces a otros sitios web que no son operados por nosotros. Esta Pol\u00edtica de Privacidad no aborda la pol\u00edtica de privacidad y otras pr\u00e1cticas de terceros, incluyendo cualquier tercero que opere cualquier sitio web o servicio que pueda ser accesible a trav\u00e9s de un enlace en el Servicio. Te recomendamos encarecidamente que revises la pol\u00edtica de privacidad de cada sitio que visites. No tenemos ning\u00fan control ni asumimos ninguna responsabilidad por el contenido, las pol\u00edticas de privacidad o las pr\u00e1cticas de los sitios o servicios de terceros.<\/p>\n<p><strong>Responsable de Reclamaciones \/ Protecci\u00f3n de Datos:<\/strong><\/p>\n<p>Si tienes alguna duda o inquietud sobre el tratamiento de tus datos que tenemos a tu disposici\u00f3n, puedes enviar un correo electr\u00f3nico a nuestro Responsable de Quejas a Learning Glass Europe B.V., Overwegwachter 4, correo electr\u00f3nico: info@learningglass.eu. Trataremos tus preocupaciones de acuerdo con la legislaci\u00f3n aplicable.[\/vc_column_text][\/vc_column][\/vc_row]\n","protected":false},"excerpt":{"rendered":"<p>[vc_row&#8230;<\/p>\n","protected":false},"author":1,"featured_media":0,"parent":0,"menu_order":99,"comment_status":"closed","ping_status":"closed","template":"","meta":{"footnotes":""},"class_list":["post-1910","page","type-page","status-publish"],"_links":{"self":[{"href":"https:\/\/learningglass.eu\/es\/wp-json\/wp\/v2\/pages\/1910","targetHints":{"allow":["GET"]}}],"collection":[{"href":"https:\/\/learningglass.eu\/es\/wp-json\/wp\/v2\/pages"}],"about":[{"href":"https:\/\/learningglass.eu\/es\/wp-json\/wp\/v2\/types\/page"}],"author":[{"embeddable":true,"href":"https:\/\/learningglass.eu\/es\/wp-json\/wp\/v2\/users\/1"}],"replies":[{"embeddable":true,"href":"https:\/\/learningglass.eu\/es\/wp-json\/wp\/v2\/comments?post=1910"}],"version-history":[{"count":3,"href":"https:\/\/learningglass.eu\/es\/wp-json\/wp\/v2\/pages\/1910\/revisions"}],"predecessor-version":[{"id":2678,"href":"https:\/\/learningglass.eu\/es\/wp-json\/wp\/v2\/pages\/1910\/revisions\/2678"}],"wp:attachment":[{"href":"https:\/\/learningglass.eu\/es\/wp-json\/wp\/v2\/media?parent=1910"}],"curies":[{"name":"wp","href":"https:\/\/api.w.org\/{rel}","templated":true}]}}