{"id":1111,"date":"2024-09-06T09:18:34","date_gmt":"2024-09-06T08:18:34","guid":{"rendered":"https:\/\/learningglass.eu\/es\/?page_id=1111"},"modified":"2025-09-01T21:30:56","modified_gmt":"2025-09-01T19:30:56","slug":"lge-s46-specs","status":"publish","type":"page","link":"https:\/\/learningglass.eu\/es\/smart-lightboard\/lge-s46-specs\/","title":{"rendered":"LGE-S46 Specifications"},"content":{"rendered":"[vc_row type=\u00bbfull_width_background\u00bb full_screen_row_position=\u00bbmiddle\u00bb column_margin=\u00bbdefault\u00bb column_direction=\u00bbdefault\u00bb column_direction_tablet=\u00bbdefault\u00bb column_direction_phone=\u00bbdefault\u00bb bg_color=\u00bb#000000&#8243; bg_image=\u00bb1115&#8243; bg_image_tablet=\u00bb1116&#8243; bg_image_phone=\u00bb1116&#8243; bg_position=\u00bbcenter center\u00bb background_image_loading=\u00bbdefault\u00bb bg_repeat=\u00bbno-repeat\u00bb full_height=\u00bbyes\u00bb scene_position=\u00bbcenter\u00bb text_color=\u00bblight\u00bb text_align=\u00bbcenter\u00bb row_border_radius=\u00bbnone\u00bb row_border_radius_applies=\u00bbbg\u00bb overflow=\u00bbvisible\u00bb color_overlay=\u00bb#000000&#8243; color_overlay_2=\u00bb#000000&#8243; overlay_strength=\u00bb0.3&#8243; gradient_direction=\u00bbleft_to_right\u00bb shape_divider_position=\u00bbbottom\u00bb bg_image_animation=\u00bbnone\u00bb gradient_type=\u00bbdefault\u00bb shape_type=\u00bb\u00bb][vc_column column_padding=\u00bbno-extra-padding\u00bb column_padding_tablet=\u00bbinherit\u00bb column_padding_phone=\u00bbinherit\u00bb column_padding_position=\u00bball\u00bb column_element_direction_desktop=\u00bbdefault\u00bb column_element_spacing=\u00bbdefault\u00bb desktop_text_alignment=\u00bbdefault\u00bb tablet_text_alignment=\u00bbdefault\u00bb phone_text_alignment=\u00bbdefault\u00bb background_color_opacity=\u00bb1&#8243; background_hover_color_opacity=\u00bb1&#8243; column_backdrop_filter=\u00bbnone\u00bb column_shadow=\u00bbnone\u00bb column_border_radius=\u00bbnone\u00bb column_link_target=\u00bb_self\u00bb column_position=\u00bbdefault\u00bb gradient_direction=\u00bbleft_to_right\u00bb overlay_strength=\u00bb0.3&#8243; width=\u00bb1\/1&#8243; tablet_width_inherit=\u00bbdefault\u00bb animation_type=\u00bbdefault\u00bb bg_image_animation=\u00bbnone\u00bb border_type=\u00bbsimple\u00bb column_border_width=\u00bbnone\u00bb column_border_style=\u00bbsolid\u00bb][vc_column_text css=\u00bb\u00bb text_direction=\u00bbdefault\u00bb]\n<h1>Sistema Smart-Lightboard\u2122 de 46<\/h1>\n[\/vc_column_text][divider line_type=\u00bbNo Line\u00bb custom_height=\u00bb25&#8243;][vc_column_text css=\u00bb\u00bb text_direction=\u00bbdefault\u00bb]\n<h4>Especificaciones del producto Detalles<\/h4>\n[\/vc_column_text][divider line_type=\u00bbNo Line\u00bb custom_height=\u00bb25&#8243;][nectar_btn size=\u00bblarge\u00bb button_style=\u00bbregular\u00bb button_color_2=\u00bbExtra-Color-1&#8243; icon_family=\u00bbnone\u00bb el_class=\u00bbslb-demo\u00bb text=\u00bbReserva una demostraci\u00f3n\u00bb url=\u00bb\/es\/demo\u00bb margin_right=\u00bb15&#8243;][\/vc_column][\/vc_row][vc_row type=\u00bbfull_width_background\u00bb full_screen_row_position=\u00bbmiddle\u00bb column_margin=\u00bbdefault\u00bb column_direction=\u00bbdefault\u00bb column_direction_tablet=\u00bbdefault\u00bb column_direction_phone=\u00bbdefault\u00bb bg_color=\u00bb#f1f2f4&#8243; bg_image=\u00bb945&#8243; background_image_mobile_hidden=\u00bbtrue\u00bb bg_position=\u00bbright bottom\u00bb background_image_loading=\u00bbdefault\u00bb bg_repeat=\u00bbno-repeat\u00bb scene_position=\u00bbcenter\u00bb top_padding=\u00bb100&#8243; bottom_padding=\u00bb40&#8243; top_padding_tablet=\u00bb75&#8243; bottom_padding_tablet=\u00bb40&#8243; top_padding_phone=\u00bb75&#8243; bottom_padding_phone=\u00bb40&#8243; text_color=\u00bbdark\u00bb text_align=\u00bbcenter\u00bb row_border_radius=\u00bbnone\u00bb row_border_radius_applies=\u00bbbg\u00bb overflow=\u00bbvisible\u00bb class=\u00bbno-cover\u00bb overlay_strength=\u00bb0.3&#8243; gradient_direction=\u00bbleft_to_right\u00bb shape_divider_position=\u00bbbottom\u00bb bg_image_animation=\u00bbnone\u00bb gradient_type=\u00bbdefault\u00bb shape_type=\u00bb\u00bb][vc_column column_padding=\u00bbno-extra-padding\u00bb column_padding_tablet=\u00bbinherit\u00bb column_padding_phone=\u00bbinherit\u00bb column_padding_position=\u00bball\u00bb column_element_direction_desktop=\u00bbdefault\u00bb column_element_spacing=\u00bbdefault\u00bb desktop_text_alignment=\u00bbdefault\u00bb tablet_text_alignment=\u00bbcenter\u00bb phone_text_alignment=\u00bbcenter\u00bb background_color_opacity=\u00bb1&#8243; background_hover_color_opacity=\u00bb1&#8243; column_backdrop_filter=\u00bbnone\u00bb column_shadow=\u00bbnone\u00bb column_border_radius=\u00bbnone\u00bb column_link_target=\u00bb_self\u00bb column_position=\u00bbdefault\u00bb gradient_direction=\u00bbleft_to_right\u00bb overlay_strength=\u00bb0.3&#8243; width=\u00bb1\/1&#8243; tablet_width_inherit=\u00bbdefault\u00bb animation_type=\u00bbdefault\u00bb bg_image_animation=\u00bbnone\u00bb border_type=\u00bbsimple\u00bb column_border_width=\u00bbnone\u00bb column_border_style=\u00bbsolid\u00bb column_padding_type=\u00bbdefault\u00bb gradient_type=\u00bbdefault\u00bb][vc_column_text css=\u00bb\u00bb text_direction=\u00bbdefault\u00bb max_width=\u00bb800&#8243;]\n<h2>Resumen del producto<\/h2>\n<p>El Smart-Lightboard\u2122 de 46&#8243; est\u00e1 dise\u00f1ado para espacios reducidos y es port\u00e1til. Se suministra con un proyector Full HD (1920 x 1080), de corto alcance o alcance est\u00e1ndar, para un rendimiento visual \u00f3ptimo. Si prefieres adquirir tu propio proyector, tambi\u00e9n es una opci\u00f3n.<\/p>\n<p>Tambi\u00e9n te aconsejamos una mesa motorizada para ajustar f\u00e1cilmente la altura.<\/p>\n<p>C\u00e1mara: la mayor\u00eda de las c\u00e1maras de calidad profesional son adecuadas para filmar. <a href=\"https:\/\/learningglass.eu\/es\/contact\/\">Ponte en contacto con nosotros para obtener m\u00e1s informaci\u00f3n<\/a> o una demostraci\u00f3n.<\/p>\n<p><img loading=\"lazy\" decoding=\"async\" class=\"alignnone size-full wp-image-2581\" src=\"https:\/\/learningglass.eu\/es\/wp-content\/uploads\/sites\/7\/CE_FCC.png\" alt=\"\" width=\"142\" height=\"40\" srcset=\"https:\/\/learningglass.eu\/es\/wp-content\/uploads\/sites\/7\/CE_FCC.png 142w, https:\/\/learningglass.eu\/es\/wp-content\/uploads\/sites\/7\/CE_FCC-140x40.jpg 140w\" sizes=\"auto, (max-width: 142px) 100vw, 142px\" \/>[\/vc_column_text][divider line_type=\u00bbNo Line\u00bb custom_height=\u00bb25&#8243;][vc_row_inner column_margin=\u00bbdefault\u00bb column_direction=\u00bbdefault\u00bb column_direction_tablet=\u00bbdefault\u00bb column_direction_phone=\u00bbdefault\u00bb text_align=\u00bbleft\u00bb row_position=\u00bbdefault\u00bb row_position_tablet=\u00bbinherit\u00bb row_position_phone=\u00bbinherit\u00bb overflow=\u00bbvisible\u00bb pointer_events=\u00bball\u00bb][vc_column_inner column_padding=\u00bbno-extra-padding\u00bb column_padding_tablet=\u00bbinherit\u00bb column_padding_phone=\u00bbinherit\u00bb column_padding_position=\u00bball\u00bb column_element_direction_desktop=\u00bbdefault\u00bb column_element_spacing=\u00bbdefault\u00bb desktop_text_alignment=\u00bbdefault\u00bb tablet_text_alignment=\u00bbdefault\u00bb phone_text_alignment=\u00bbdefault\u00bb background_color_opacity=\u00bb1&#8243; background_hover_color_opacity=\u00bb1&#8243; column_backdrop_filter=\u00bbnone\u00bb column_shadow=\u00bbnone\u00bb column_border_radius=\u00bbnone\u00bb column_link_target=\u00bb_self\u00bb overflow=\u00bbvisible\u00bb gradient_direction=\u00bbleft_to_right\u00bb overlay_strength=\u00bb0.3&#8243; width=\u00bb1\/4&#8243; tablet_width_inherit=\u00bbdefault\u00bb animation_type=\u00bbdefault\u00bb bg_image_animation=\u00bbnone\u00bb border_type=\u00bbsimple\u00bb column_border_width=\u00bbnone\u00bb column_border_style=\u00bbsolid\u00bb][\/vc_column_inner][vc_column_inner column_padding=\u00bbno-extra-padding\u00bb column_padding_tablet=\u00bbinherit\u00bb column_padding_phone=\u00bbinherit\u00bb column_padding_position=\u00bball\u00bb column_element_direction_desktop=\u00bbdefault\u00bb column_element_spacing=\u00bbdefault\u00bb desktop_text_alignment=\u00bbdefault\u00bb tablet_text_alignment=\u00bbdefault\u00bb phone_text_alignment=\u00bbdefault\u00bb background_color_opacity=\u00bb1&#8243; background_hover_color_opacity=\u00bb1&#8243; column_backdrop_filter=\u00bbnone\u00bb column_shadow=\u00bbnone\u00bb column_border_radius=\u00bbnone\u00bb column_link_target=\u00bb_self\u00bb overflow=\u00bbvisible\u00bb gradient_direction=\u00bbleft_to_right\u00bb overlay_strength=\u00bb0.3&#8243; width=\u00bb1\/2&#8243; tablet_width_inherit=\u00bbdefault\u00bb animation_type=\u00bbdefault\u00bb bg_image_animation=\u00bbnone\u00bb border_type=\u00bbsimple\u00bb column_border_width=\u00bbnone\u00bb column_border_style=\u00bbsolid\u00bb][nectar_global_section id=\u00bb2716&#8243;][\/vc_column_inner][vc_column_inner column_padding=\u00bbno-extra-padding\u00bb column_padding_tablet=\u00bbinherit\u00bb column_padding_phone=\u00bbinherit\u00bb column_padding_position=\u00bball\u00bb column_element_direction_desktop=\u00bbdefault\u00bb column_element_spacing=\u00bbdefault\u00bb desktop_text_alignment=\u00bbdefault\u00bb tablet_text_alignment=\u00bbdefault\u00bb phone_text_alignment=\u00bbdefault\u00bb background_color_opacity=\u00bb1&#8243; background_hover_color_opacity=\u00bb1&#8243; column_backdrop_filter=\u00bbnone\u00bb column_shadow=\u00bbnone\u00bb column_border_radius=\u00bbnone\u00bb column_link_target=\u00bb_self\u00bb overflow=\u00bbvisible\u00bb gradient_direction=\u00bbleft_to_right\u00bb overlay_strength=\u00bb0.3&#8243; width=\u00bb1\/4&#8243; tablet_width_inherit=\u00bbdefault\u00bb animation_type=\u00bbdefault\u00bb bg_image_animation=\u00bbnone\u00bb border_type=\u00bbsimple\u00bb column_border_width=\u00bbnone\u00bb column_border_style=\u00bbsolid\u00bb][\/vc_column_inner][\/vc_row_inner][\/vc_column][\/vc_row][vc_row type=\u00bbfull_width_background\u00bb full_screen_row_position=\u00bbmiddle\u00bb column_margin=\u00bbdefault\u00bb column_direction=\u00bbdefault\u00bb column_direction_tablet=\u00bbdefault\u00bb column_direction_phone=\u00bbdefault\u00bb bg_image=\u00bb958&#8243; background_image_mobile_hidden=\u00bbtrue\u00bb bg_position=\u00bbright top\u00bb background_image_loading=\u00bbdefault\u00bb bg_repeat=\u00bbno-repeat\u00bb scene_position=\u00bbcenter\u00bb top_padding=\u00bb100&#8243; constrain_group_1=\u00bbyes\u00bb bottom_padding=\u00bb100&#8243; top_padding_tablet=\u00bb75&#8243; constrain_group_3=\u00bbyes\u00bb bottom_padding_tablet=\u00bb75&#8243; top_padding_phone=\u00bb75&#8243; constrain_group_5=\u00bbyes\u00bb bottom_padding_phone=\u00bb75&#8243; text_color=\u00bbdark\u00bb text_align=\u00bbcenter\u00bb row_border_radius=\u00bbnone\u00bb row_border_radius_applies=\u00bbbg\u00bb overflow=\u00bbvisible\u00bb class=\u00bbno-cover\u00bb overlay_strength=\u00bb0.3&#8243; gradient_direction=\u00bbleft_to_right\u00bb shape_divider_position=\u00bbbottom\u00bb bg_image_animation=\u00bbnone\u00bb gradient_type=\u00bbdefault\u00bb shape_type=\u00bb\u00bb][vc_column column_padding=\u00bbno-extra-padding\u00bb column_padding_tablet=\u00bbinherit\u00bb column_padding_phone=\u00bbinherit\u00bb column_padding_position=\u00bball\u00bb column_element_direction_desktop=\u00bbdefault\u00bb column_element_spacing=\u00bbdefault\u00bb desktop_text_alignment=\u00bbdefault\u00bb tablet_text_alignment=\u00bbcenter\u00bb phone_text_alignment=\u00bbcenter\u00bb background_color_opacity=\u00bb1&#8243; background_hover_color_opacity=\u00bb1&#8243; column_backdrop_filter=\u00bbnone\u00bb column_shadow=\u00bbnone\u00bb column_border_radius=\u00bbnone\u00bb column_link_target=\u00bb_self\u00bb column_position=\u00bbdefault\u00bb gradient_direction=\u00bbleft_to_right\u00bb overlay_strength=\u00bb0.3&#8243; width=\u00bb1\/1&#8243; tablet_width_inherit=\u00bbdefault\u00bb animation_type=\u00bbdefault\u00bb bg_image_animation=\u00bbnone\u00bb border_type=\u00bbsimple\u00bb column_border_width=\u00bbnone\u00bb column_border_style=\u00bbsolid\u00bb column_padding_type=\u00bbdefault\u00bb gradient_type=\u00bbdefault\u00bb][vc_column_text css=\u00bb\u00bb text_direction=\u00bbdefault\u00bb]\n<h3>Dimensiones<\/h3>\n[\/vc_column_text][divider line_type=\u00bbNo Line\u00bb custom_height=\u00bb25&#8243;][vc_column_text css=\u00bb\u00bb text_direction=\u00bbdefault\u00bb]\n\t\t \t<div class=\"item\" style=\"background-color:#ffffff;padding: 0px 0px 0px 0px;\">            \n\t      <div class=\"clearfix\" >\n\n\t        <ul id=\"gwts-gwl-img-gallery1888\" class=\"gwts-gwl-slidergal list-unstyled cS-hidden item-single\" data-litebx=\"false\">\n\t\t\t\t    \n\t\t\t\t\t \t\t<li data-thumb=\"https:\/\/learningglass.eu\/es\/wp-content\/uploads\/sites\/7\/S46V3.1_Front-300x175.jpg\" data-responsive=\"https:\/\/learningglass.eu\/es\/wp-content\/uploads\/sites\/7\/S46V3.1_Front-300x175.jpg\" data-src=\"https:\/\/learningglass.eu\/es\/wp-content\/uploads\/sites\/7\/S46V3.1_Front.jpg\" class=\"\"> \n              \t<img decoding=\"async\" src=\"https:\/\/learningglass.eu\/es\/wp-content\/uploads\/sites\/7\/S46V3.1_Front.jpg\" alt=\"\" \/>\n              \t\t              <\/li>\n\t\t\t\t\t \t\n\t\t\t\t\t \t\t<li data-thumb=\"https:\/\/learningglass.eu\/es\/wp-content\/uploads\/sites\/7\/S46V3.1_Side-300x175.jpg\" data-responsive=\"https:\/\/learningglass.eu\/es\/wp-content\/uploads\/sites\/7\/S46V3.1_Side-300x175.jpg\" data-src=\"https:\/\/learningglass.eu\/es\/wp-content\/uploads\/sites\/7\/S46V3.1_Side.jpg\" class=\"\"> \n              \t<img decoding=\"async\" src=\"https:\/\/learningglass.eu\/es\/wp-content\/uploads\/sites\/7\/S46V3.1_Side.jpg\" alt=\"\" \/>\n              \t\t              <\/li>\n\t\t\t\t\t \t\n\t\t\t\t\t \t\t<li data-thumb=\"https:\/\/learningglass.eu\/es\/wp-content\/uploads\/sites\/7\/S46V3.1_Top-300x175.jpg\" data-responsive=\"https:\/\/learningglass.eu\/es\/wp-content\/uploads\/sites\/7\/S46V3.1_Top-300x175.jpg\" data-src=\"https:\/\/learningglass.eu\/es\/wp-content\/uploads\/sites\/7\/S46V3.1_Top.jpg\" class=\"\"> \n              \t<img decoding=\"async\" src=\"https:\/\/learningglass.eu\/es\/wp-content\/uploads\/sites\/7\/S46V3.1_Top.jpg\" alt=\"\" \/>\n              \t\t              <\/li>\n\t\t\t\t\t \t\n\t\t\t\t\t \t\t<li data-thumb=\"https:\/\/learningglass.eu\/es\/wp-content\/uploads\/sites\/7\/S46V3.1_With-Person_Front-2-300x175.jpg\" data-responsive=\"https:\/\/learningglass.eu\/es\/wp-content\/uploads\/sites\/7\/S46V3.1_With-Person_Front-2-300x175.jpg\" data-src=\"https:\/\/learningglass.eu\/es\/wp-content\/uploads\/sites\/7\/S46V3.1_With-Person_Front-2.jpg\" class=\"\"> \n              \t<img decoding=\"async\" src=\"https:\/\/learningglass.eu\/es\/wp-content\/uploads\/sites\/7\/S46V3.1_With-Person_Front-2.jpg\" alt=\"\" \/>\n              \t\t              <\/li>\n\t\t\t\t\t \t\n\t\t\t\t\t \t\t<li data-thumb=\"https:\/\/learningglass.eu\/es\/wp-content\/uploads\/sites\/7\/S46V3.1_With-Person_Side-2-300x175.jpg\" data-responsive=\"https:\/\/learningglass.eu\/es\/wp-content\/uploads\/sites\/7\/S46V3.1_With-Person_Side-2-300x175.jpg\" data-src=\"https:\/\/learningglass.eu\/es\/wp-content\/uploads\/sites\/7\/S46V3.1_With-Person_Side-2.jpg\" class=\"\"> \n              \t<img decoding=\"async\" src=\"https:\/\/learningglass.eu\/es\/wp-content\/uploads\/sites\/7\/S46V3.1_With-Person_Side-2.jpg\" alt=\"\" \/>\n              \t\t              <\/li>\n\t\t\t\t\t \t\n\t\t\t\t\t \t\t<li data-thumb=\"https:\/\/learningglass.eu\/es\/wp-content\/uploads\/sites\/7\/S46V3.1_With-Person_Top-2-300x175.jpg\" data-responsive=\"https:\/\/learningglass.eu\/es\/wp-content\/uploads\/sites\/7\/S46V3.1_With-Person_Top-2-300x175.jpg\" data-src=\"https:\/\/learningglass.eu\/es\/wp-content\/uploads\/sites\/7\/S46V3.1_With-Person_Top-2.jpg\" class=\"\"> \n              \t<img decoding=\"async\" src=\"https:\/\/learningglass.eu\/es\/wp-content\/uploads\/sites\/7\/S46V3.1_With-Person_Top-2.jpg\" alt=\"\" \/>\n              \t\t              <\/li>\n\t\t\t\t\t \t\t\t\t\t\t<\/ul>\n\t\t\t\t<\/div>\n\t\t\t<\/div>\n\n\t\t\t\t\t\t<style type=\"text\/css\">\n\t\t\t\t.lg .lg-sub-html{\n\t\t\t\t\tdisplay: none !important;\n\t\t\t\t}\n\t\t\t<\/style>\n\t\t\t\n\t\t\t\t\t\t\n\n\t\t\t\t\t\t\t<style>\n\t\t\t\t\t.lSSlideOuter .lSPager.lSGallery {\n\t\t\t\t\t\tmargin-left: auto;\n\t\t\t\t\t\tmargin-right: auto;\n\t\t\t\t\t}\n\t\t\t\t<\/style>\n\t\t\t\t\t\t\t\t<script>\n\t\t    \tjQuery(document).ready(function() {\n\t\t    \t\t\/\/ Ensure lightGallery is available on jQuery\n\t\t    \t\tif (typeof lightGallery !== 'undefined' && !jQuery.fn.lightGallery) {\n\t\t    \t\t\tjQuery.fn.lightGallery = lightGallery;\n\t\t    \t\t}\n\t\t\t\t\tvar setting_download = '';\n\t\t        jQuery('#gwts-gwl-img-gallery1888').lightSlider({\n              item:1,\t\t                \n              slideMargin:10,\n              addClass:'',\n              speed:500,\n              pause:2000,\n              auto:false,\n              loop:false,\n              pager:true,\n              gallery:true,\n              thumbItem:9,\n\t    \t  controls:true,\n\t    \t   \t\t\t\t\t\t\t\n\t    \t\t\t\tresponsive : [\n\t\t            {\n\t                breakpoint:800,\n\t                settings: {\n                    item:1,\n                    slideMove:1,\n                  }\n\t\t            },\n\t\t            {\n\t                breakpoint:641,\n\t                settings: {\n                    item:1,\n                    slideMove:1,\n                  }\n\t\t            },\n\t\t            {\n\t                breakpoint:480,\n\t                settings: {\n                    item:1,\n                    slideMove:1,\n                  }\n\t\t            },\t\t\t\t\t\t           \n\t\t\t\t\t\t  ],\n\t    \t\t\t\t\tuseCSS: true,\n\t        \t\t\tcssEasing: 'ease',\n\t        \t\t\teasing: 'linear',\n\t        \t\t\tkeyPress: false,\n\t        \t\t\tslideEndAnimation: true,\n\t        \t\t\tswipeThreshold: 40,        \t\t\t\n\t\t              \tonSliderLoad: function(el) {\n\t\t\t\t\t\t\tjQuery('#gwts-gwl-img-gallery1888').removeClass('cS-hidden');\n\t\t\t\t\t\t\tjQuery('#gwts-gwl-img-gallery1888').addClass('gwts-loaded');\n\t\t\t\t\t\t\t\n\t\t\t\t\t\t\tvar lithbox = jQuery('#gwts-gwl-img-gallery1888').attr(\"data-litebx\");\n\t\t\t\t\t\t\tif(lithbox=='true'){\n\t\t\t\t\t\t\t\tvar galleryElement = jQuery('#gwts-gwl-img-gallery1888');\n\t\t\t\t\t\t\t\tvar galleryItems = galleryElement.find('.lslide');\n\t\t\t\t\t\t\t\tif(galleryElement.length > 0 && galleryItems.length > 0 && typeof jQuery.fn.lightGallery !== 'undefined'){\n                                    galleryElement.lightGallery({\n                                        download: setting_download,\n                                        selector: '#gwts-gwl-img-gallery1888 li'\n                                    });\n\t\t\t\t\t\t\t\t}\n\t\t\t\t\t\t\t}\t\n\t\t              \t}  \n\t\t\t        });\n\t\t\t\t\t});\n\t\t    \t\t\t\t<\/script>\n\t\t \n<p>Todas las medidas en mm[\/vc_column_text][divider line_type=\u00bbNo Line\u00bb custom_height=\u00bb25&#8243;][vc_column_text css=\u00bb\u00bb text_direction=\u00bbdefault\u00bb]\n<table id=\"tablepress-1\" class=\"tablepress tablepress-id-1 tbody-has-connected-cells\">\n<thead>\n<tr class=\"row-1\">\n\t<th class=\"column-1\">COMPONENTES<\/th><th class=\"column-2\">ESPECIFICACIONES &amp; DIMENSIONES<\/th>\n<\/tr>\n<\/thead>\n<tbody>\n<tr class=\"row-2\">\n\t<td colspan=\"2\" class=\"column-1\"><strong>Pantalla<\/strong><\/td>\n<\/tr>\n<tr class=\"row-3\">\n\t<td class=\"column-1\">Pantalla transparente con chip fot\u00f3nico<\/td><td class=\"column-2\">HB1 (1054mm*605mm)<\/td>\n<\/tr>\n<tr class=\"row-4\">\n\t<td class=\"column-1\">Vidrio templado<\/td><td class=\"column-2\">Vidrio blanco templado transparente, 1054mm*605mm, grosor 3mm<\/td>\n<\/tr>\n<tr class=\"row-5\">\n\t<td class=\"column-1\">Superficie de trabajo del vidrio<\/td><td class=\"column-2\">1014mm*562mm<\/td>\n<\/tr>\n<tr class=\"row-6\">\n\t<td colspan=\"2\" class=\"column-1\"><strong>Proyecci\u00f3n<\/strong><\/td>\n<\/tr>\n<tr class=\"row-7\">\n\t<td class=\"column-1\">Proyector de corta distancia<\/td><td class=\"column-2\">Relaci\u00f3n de proyecci\u00f3n 0..49, Full HD (1920 x 1080), 3000 ANSI l\u00famenes<\/td>\n<\/tr>\n<tr class=\"row-8\">\n\t<td class=\"column-1\">Dimensiones<\/td><td class=\"column-2\">293*221*115mm<\/td>\n<\/tr>\n<tr class=\"row-9\">\n\t<td class=\"column-1\">Peso del proyector<\/td><td class=\"column-2\">2.85kg<\/td>\n<\/tr>\n<tr class=\"row-10\">\n\t<td colspan=\"2\" class=\"column-1\"><strong>Equipo interactivo<\/strong><\/td>\n<\/tr>\n<tr class=\"row-11\">\n\t<td class=\"column-1\">Proyecci\u00f3n t\u00e1ctil capacitiva (PCT)<\/td><td class=\"column-2\">46\" 40 puntos multit\u00e1ctil, 1014mm*562mm, l\u00e1piz \u00f3ptico incluido<\/td>\n<\/tr>\n<tr class=\"row-12\">\n\t<td colspan=\"2\" class=\"column-1\"><strong>Piezas estructurales<\/strong><\/td>\n<\/tr>\n<tr class=\"row-13\">\n\t<td class=\"column-1\">Interfaz<\/td><td class=\"column-2\">HDMI2.0, USB3.0<\/td>\n<\/tr>\n<tr class=\"row-14\">\n\t<td class=\"column-1\">Marco de la pantalla<\/td><td class=\"column-2\">Marco de aluminio de alta calidad<\/td>\n<\/tr>\n<tr class=\"row-15\">\n\t<td class=\"column-1\">Luces LED del presentador con regulador de intensidad<\/td><td class=\"column-2\">Temperatura de color 6000-6500k, 14W\/m, fuente de alimentaci\u00f3n de 24 V, regulador de intensidad<\/td>\n<\/tr>\n<tr class=\"row-16\">\n\t<td class=\"column-1\">Material de embalaje<\/td><td class=\"column-2\">Caja de aluminio a medida de 1200*830*300 mm, peso:24.5kg<\/td>\n<\/tr>\n<tr class=\"row-17\">\n\t<td colspan=\"2\" class=\"column-1\"><strong>Peso y altura<\/strong><\/td>\n<\/tr>\n<tr class=\"row-18\">\n\t<td class=\"column-1\">Peso total (sin proyector)<\/td><td class=\"column-2\">14.2kg<\/td>\n<\/tr>\n<tr class=\"row-19\">\n\t<td class=\"column-1\">Peso total (con proyector)<\/td><td class=\"column-2\">48.6kg<\/td>\n<\/tr>\n<tr class=\"row-20\">\n\t<td class=\"column-1\">Altura del marco<\/td><td class=\"column-2\">980mm<\/td>\n<\/tr>\n<\/tbody>\n<\/table>\n[\/vc_column_text][\/vc_column][\/vc_row][vc_row type=\u00bbfull_width_background\u00bb full_screen_row_position=\u00bbmiddle\u00bb column_margin=\u00bbdefault\u00bb column_direction=\u00bbdefault\u00bb column_direction_tablet=\u00bbdefault\u00bb column_direction_phone=\u00bbdefault\u00bb bg_color=\u00bb#4a5df2&#8243; scene_position=\u00bbcenter\u00bb top_padding=\u00bb60&#8243; constrain_group_1=\u00bbyes\u00bb bottom_padding=\u00bb60&#8243; text_color=\u00bblight\u00bb text_align=\u00bbcenter\u00bb row_border_radius=\u00bbnone\u00bb row_border_radius_applies=\u00bbbg\u00bb overflow=\u00bbvisible\u00bb overlay_strength=\u00bb0.3&#8243; gradient_direction=\u00bbleft_to_right\u00bb shape_divider_position=\u00bbbottom\u00bb bg_image_animation=\u00bbnone\u00bb gradient_type=\u00bbdefault\u00bb shape_type=\u00bb\u00bb][vc_column column_padding=\u00bbno-extra-padding\u00bb column_padding_tablet=\u00bbinherit\u00bb column_padding_phone=\u00bbinherit\u00bb column_padding_position=\u00bball\u00bb column_element_direction_desktop=\u00bbdefault\u00bb column_element_spacing=\u00bbdefault\u00bb desktop_text_alignment=\u00bbdefault\u00bb tablet_text_alignment=\u00bbdefault\u00bb phone_text_alignment=\u00bbdefault\u00bb background_color_opacity=\u00bb1&#8243; background_hover_color_opacity=\u00bb1&#8243; column_backdrop_filter=\u00bbnone\u00bb column_shadow=\u00bbnone\u00bb column_border_radius=\u00bbnone\u00bb column_link_target=\u00bb_self\u00bb column_position=\u00bbdefault\u00bb gradient_direction=\u00bbleft_to_right\u00bb overlay_strength=\u00bb0.3&#8243; width=\u00bb1\/1&#8243; tablet_width_inherit=\u00bbdefault\u00bb animation_type=\u00bbdefault\u00bb bg_image_animation=\u00bbnone\u00bb border_type=\u00bbsimple\u00bb column_border_width=\u00bbnone\u00bb column_border_style=\u00bbsolid\u00bb][vc_column_text css=\u00bb\u00bb text_direction=\u00bbdefault\u00bb]\n<h2>Mira c\u00f3mo funciona la<br \/>\nSmart-Lightboard\u2122.<\/h2>\n[\/vc_column_text][divider line_type=\u00bbNo Line\u00bb custom_height=\u00bb25&#8243;][nectar_btn size=\u00bblarge\u00bb button_style=\u00bbregular\u00bb button_color_2=\u00bbExtra-Color-1&#8243; color_override=\u00bb#29cbf7&#8243; icon_family=\u00bbnone\u00bb el_class=\u00bbslb-demo\u00bb text=\u00bbReserva una demostraci\u00f3n\u00bb url=\u00bb\/es\/demo\u00bb][divider line_type=\u00bbFull Width Line\u00bb line_thickness=\u00bb10&#8243; divider_color=\u00bbdefault\u00bb custom_height=\u00bb100&#8243;][vc_column_text css=\u00bb\u00bb text_direction=\u00bbdefault\u00bb]\n<h2>Contacta con nosotros para pedir presupuesto<\/h2>\n[\/vc_column_text][divider line_type=\u00bbNo Line\u00bb custom_height=\u00bb25&#8243;][nectar_btn size=\u00bblarge\u00bb button_style=\u00bbregular\u00bb button_color_2=\u00bbExtra-Color-1&#8243; icon_family=\u00bbnone\u00bb text=\u00bbPedir presupuesto\u00bb margin_right=\u00bb15&#8243; url=\u00bb\/es\/quote\/\u00bb][\/vc_column][\/vc_row]\n","protected":false},"excerpt":{"rendered":"<p>[vc_row&#8230;<\/p>\n","protected":false},"author":1,"featured_media":0,"parent":464,"menu_order":5,"comment_status":"closed","ping_status":"closed","template":"","meta":{"footnotes":""},"class_list":["post-1111","page","type-page","status-publish"],"_links":{"self":[{"href":"https:\/\/learningglass.eu\/es\/wp-json\/wp\/v2\/pages\/1111","targetHints":{"allow":["GET"]}}],"collection":[{"href":"https:\/\/learningglass.eu\/es\/wp-json\/wp\/v2\/pages"}],"about":[{"href":"https:\/\/learningglass.eu\/es\/wp-json\/wp\/v2\/types\/page"}],"author":[{"embeddable":true,"href":"https:\/\/learningglass.eu\/es\/wp-json\/wp\/v2\/users\/1"}],"replies":[{"embeddable":true,"href":"https:\/\/learningglass.eu\/es\/wp-json\/wp\/v2\/comments?post=1111"}],"version-history":[{"count":29,"href":"https:\/\/learningglass.eu\/es\/wp-json\/wp\/v2\/pages\/1111\/revisions"}],"predecessor-version":[{"id":2802,"href":"https:\/\/learningglass.eu\/es\/wp-json\/wp\/v2\/pages\/1111\/revisions\/2802"}],"up":[{"embeddable":true,"href":"https:\/\/learningglass.eu\/es\/wp-json\/wp\/v2\/pages\/464"}],"wp:attachment":[{"href":"https:\/\/learningglass.eu\/es\/wp-json\/wp\/v2\/media?parent=1111"}],"curies":[{"name":"wp","href":"https:\/\/api.w.org\/{rel}","templated":true}]}}