{"id":884,"date":"2024-09-03T10:48:30","date_gmt":"2024-09-03T09:48:30","guid":{"rendered":"https:\/\/learningglass.eu\/de\/?page_id=884"},"modified":"2024-09-19T21:47:42","modified_gmt":"2024-09-19T19:47:42","slug":"lightboard-technical-specialist","status":"publish","type":"page","link":"https:\/\/learningglass.eu\/de\/products\/lightboard-technical-specialist\/","title":{"rendered":"Lightboard Technical Specialist"},"content":{"rendered":"[vc_row type=&#8220;full_width_background&#8220; full_screen_row_position=&#8220;middle&#8220; column_margin=&#8220;default&#8220; equal_height=&#8220;yes&#8220; content_placement=&#8220;top&#8220; column_direction=&#8220;default&#8220; column_direction_tablet=&#8220;column_reverse&#8220; column_direction_phone=&#8220;column_reverse&#8220; scene_position=&#8220;center&#8220; top_padding=&#8220;100&#8243; constrain_group_1=&#8220;yes&#8220; bottom_padding=&#8220;100&#8243; top_padding_tablet=&#8220;75&#8243; constrain_group_3=&#8220;yes&#8220; bottom_padding_tablet=&#8220;75&#8243; top_padding_phone=&#8220;75&#8243; constrain_group_5=&#8220;yes&#8220; bottom_padding_phone=&#8220;75&#8243; text_color=&#8220;dark&#8220; text_align=&#8220;left&#8220; row_border_radius=&#8220;none&#8220; row_border_radius_applies=&#8220;bg&#8220; overflow=&#8220;visible&#8220; class=&#8220;no-cover&#8220; overlay_strength=&#8220;0.3&#8243; gradient_direction=&#8220;left_to_right&#8220; shape_divider_position=&#8220;bottom&#8220; bg_image_animation=&#8220;none&#8220; gradient_type=&#8220;default&#8220; shape_type=&#8220;&#8220;][vc_column column_padding=&#8220;no-extra-padding&#8220; column_padding_tablet=&#8220;inherit&#8220; column_padding_phone=&#8220;inherit&#8220; column_padding_position=&#8220;all&#8220; column_element_direction_desktop=&#8220;default&#8220; column_element_spacing=&#8220;default&#8220; desktop_text_alignment=&#8220;default&#8220; tablet_text_alignment=&#8220;center&#8220; phone_text_alignment=&#8220;center&#8220; background_color_opacity=&#8220;1&#8243; background_hover_color_opacity=&#8220;1&#8243; column_backdrop_filter=&#8220;none&#8220; column_shadow=&#8220;none&#8220; column_border_radius=&#8220;none&#8220; column_link_target=&#8220;_self&#8220; column_position=&#8220;default&#8220; gradient_direction=&#8220;left_to_right&#8220; overlay_strength=&#8220;0.3&#8243; width=&#8220;5\/12&#8243; tablet_width_inherit=&#8220;default&#8220; animation_type=&#8220;default&#8220; bg_image_animation=&#8220;none&#8220; border_type=&#8220;simple&#8220; column_border_width=&#8220;none&#8220; column_border_style=&#8220;solid&#8220; column_padding_type=&#8220;default&#8220; gradient_type=&#8220;default&#8220;][image_with_animation image_url=&#8220;893&#8243; image_size=&#8220;full&#8220; animation_type=&#8220;entrance&#8220; animation=&#8220;None&#8220; animation_movement_type=&#8220;transform_y&#8220; hover_animation=&#8220;none&#8220; alignment=&#8220;&#8220; border_radius=&#8220;none&#8220; box_shadow=&#8220;none&#8220; image_loading=&#8220;default&#8220; max_width=&#8220;100%&#8220; max_width_mobile=&#8220;default&#8220;][\/vc_column][vc_column column_padding=&#8220;no-extra-padding&#8220; column_padding_tablet=&#8220;inherit&#8220; column_padding_phone=&#8220;inherit&#8220; column_padding_position=&#8220;all&#8220; column_element_direction_desktop=&#8220;default&#8220; column_element_spacing=&#8220;default&#8220; desktop_text_alignment=&#8220;default&#8220; tablet_text_alignment=&#8220;center&#8220; phone_text_alignment=&#8220;center&#8220; background_color_opacity=&#8220;1&#8243; background_hover_color_opacity=&#8220;1&#8243; column_backdrop_filter=&#8220;none&#8220; column_shadow=&#8220;none&#8220; column_border_radius=&#8220;none&#8220; column_link_target=&#8220;_self&#8220; column_position=&#8220;default&#8220; gradient_direction=&#8220;left_to_right&#8220; overlay_strength=&#8220;0.3&#8243; width=&#8220;7\/12&#8243; tablet_width_inherit=&#8220;default&#8220; animation_type=&#8220;default&#8220; bg_image_animation=&#8220;none&#8220; border_type=&#8220;simple&#8220; column_border_width=&#8220;none&#8220; column_border_style=&#8220;solid&#8220; column_padding_type=&#8220;default&#8220; gradient_type=&#8220;default&#8220;][vc_column_text css=&#8220;&#8220; text_direction=&#8220;default&#8220;]\n<h3>Erhalten Sie Vor-Ort Support von einem technischen Lightboard-Spezialisten<\/h3>\n<p>Wenn Sie praktisches und technisches Fachwissen zur Optimierung Ihres Lightboards ben\u00f6tigen, dann kontaktieren Sie uns bitte und Sie werden mit unserem Kollegen Stefan Szkok, unseren internen Videoproduktionsspezialisten mit \u00fcber 6 Jahren Erfahrung, in Verbindung gesetzt. Er kann Sie bei allen Details assistieren, von den Lightboard-Einstellungen bis hin zu Filmrichtlinien und bew\u00e4hrten Benutzermethoden.<\/p>\n<p>Die Sitzung dauert in der Regel einige Stunden und deckt die unten aufgef\u00fchrten Elemente ab. Wir w\u00fcrden vor dem Besuch vor Ort besprechen, was genau bei Ihnen anliegt und Ihre Priorit\u00e4ten und Schwerpunktbereiche durchgehen.[\/vc_column_text][divider line_type=&#8220;No Line&#8220; custom_height=&#8220;25&#8243;][nectar_btn size=&#8220;large&#8220; button_style=&#8220;regular&#8220; button_color_2=&#8220;Extra-Color-1&#8243; icon_family=&#8220;none&#8220; text=&#8220;Kontakt&#8220; margin_right=&#8220;15&#8243; url=&#8220;\/de\/contact&#8220;][\/vc_column][\/vc_row][vc_row type=&#8220;full_width_background&#8220; full_screen_row_position=&#8220;middle&#8220; column_margin=&#8220;default&#8220; equal_height=&#8220;yes&#8220; content_placement=&#8220;middle&#8220; column_direction=&#8220;default&#8220; column_direction_tablet=&#8220;default&#8220; column_direction_phone=&#8220;default&#8220; bg_color=&#8220;#4a5df2&#8243; scene_position=&#8220;center&#8220; top_padding=&#8220;100&#8243; constrain_group_1=&#8220;yes&#8220; bottom_padding=&#8220;100&#8243; top_padding_tablet=&#8220;75&#8243; constrain_group_3=&#8220;yes&#8220; bottom_padding_tablet=&#8220;75&#8243; top_padding_phone=&#8220;75&#8243; constrain_group_5=&#8220;yes&#8220; bottom_padding_phone=&#8220;75&#8243; text_color=&#8220;light&#8220; text_align=&#8220;left&#8220; row_border_radius=&#8220;none&#8220; row_border_radius_applies=&#8220;bg&#8220; overflow=&#8220;visible&#8220; overlay_strength=&#8220;0.3&#8243; gradient_direction=&#8220;left_to_right&#8220; shape_divider_position=&#8220;bottom&#8220; bg_image_animation=&#8220;none&#8220; gradient_type=&#8220;default&#8220; shape_type=&#8220;&#8220;][vc_column column_padding=&#8220;no-extra-padding&#8220; column_padding_tablet=&#8220;inherit&#8220; column_padding_phone=&#8220;inherit&#8220; column_padding_position=&#8220;all&#8220; column_element_direction_desktop=&#8220;default&#8220; column_element_spacing=&#8220;default&#8220; desktop_text_alignment=&#8220;default&#8220; tablet_text_alignment=&#8220;default&#8220; phone_text_alignment=&#8220;default&#8220; background_color_opacity=&#8220;1&#8243; background_hover_color_opacity=&#8220;1&#8243; column_backdrop_filter=&#8220;none&#8220; column_shadow=&#8220;none&#8220; column_border_radius=&#8220;none&#8220; column_link_target=&#8220;_self&#8220; column_position=&#8220;default&#8220; gradient_direction=&#8220;left_to_right&#8220; overlay_strength=&#8220;0.3&#8243; width=&#8220;1\/2&#8243; tablet_width_inherit=&#8220;default&#8220; animation_type=&#8220;default&#8220; bg_image_animation=&#8220;none&#8220; border_type=&#8220;simple&#8220; column_border_width=&#8220;none&#8220; column_border_style=&#8220;solid&#8220; column_padding_type=&#8220;default&#8220; gradient_type=&#8220;default&#8220;][vc_column_text css=&#8220;&#8220; text_direction=&#8220;default&#8220;]\n<h3>Was ist beinhaltet?<\/h3>\n[\/vc_column_text][divider line_type=&#8220;No Line&#8220; custom_height=&#8220;25&#8243;]<div class=\"nectar-fancy-ul\" data-list-icon=\"fa fa-check\" data-animation=\"false\" data-animation-delay=\"0\" data-color=\"extra-color-2\" data-spacing=\"default\" data-alignment=\"left\"> \n<ul>\n<li>\u00dcberpr\u00fcfung und ggf. Anpassungen des Setups<\/li>\n<li>Optimierung der Lightboard-Einstellungen<\/li>\n<li>Optimierung der Kameraeinstellungen<\/li>\n<li>\u00dcberpr\u00fcfung und Betreuung zus\u00e4tzlicher Videoaufnahme-Hardware<\/li>\n<li>Testaufnahme mit den angepassten Einstellungen und \u00dcberpr\u00fcfung des Filmmaterials<\/li>\n<li>Allgemeine Beratung zu weiteren technischen Fragen<\/li>\n<\/ul>\n <\/div>[vc_column_text css=&#8220;&#8220; text_direction=&#8220;default&#8220;]Bevor wir zu Ihnen vor Ort kommen gehen wir davon aus, dass das Lightboard ausgepackt und auf einer geeigneten Oberfl\u00e4che oder einem Tisch platziert wurde und die grundlegenden Elemente vorhanden sind, sprich Kamera und ein schwarzer Hintergrund.[\/vc_column_text][divider line_type=&#8220;No Line&#8220; custom_height=&#8220;25&#8243;][nectar_btn size=&#8220;large&#8220; button_style=&#8220;regular&#8220; button_color_2=&#8220;Extra-Color-1&#8243; icon_family=&#8220;none&#8220; text=&#8220;Kontakt&#8220; margin_right=&#8220;15&#8243; url=&#8220;\/de\/contact&#8220;][\/vc_column][vc_column column_padding=&#8220;no-extra-padding&#8220; column_padding_tablet=&#8220;inherit&#8220; column_padding_phone=&#8220;inherit&#8220; column_padding_position=&#8220;all&#8220; column_element_direction_desktop=&#8220;default&#8220; column_element_spacing=&#8220;default&#8220; desktop_text_alignment=&#8220;default&#8220; tablet_text_alignment=&#8220;center&#8220; phone_text_alignment=&#8220;center&#8220; background_color_opacity=&#8220;1&#8243; background_hover_color_opacity=&#8220;1&#8243; column_backdrop_filter=&#8220;none&#8220; column_shadow=&#8220;none&#8220; column_border_radius=&#8220;none&#8220; column_link_target=&#8220;_self&#8220; column_position=&#8220;default&#8220; gradient_direction=&#8220;left_to_right&#8220; overlay_strength=&#8220;0.3&#8243; width=&#8220;1\/2&#8243; tablet_width_inherit=&#8220;default&#8220; animation_type=&#8220;default&#8220; bg_image_animation=&#8220;none&#8220; border_type=&#8220;simple&#8220; column_border_width=&#8220;none&#8220; column_border_style=&#8220;solid&#8220; column_padding_type=&#8220;default&#8220; gradient_type=&#8220;default&#8220;][vc_raw_html css=&#8220;&#8220;]JTNDc2NyaXB0JTIwc3JjJTNEJTIyJTJGJTJGZmFzdC53aXN0aWEuY29tJTJGZW1iZWQlMkZtZWRpYXMlMkYwcXRjanB4b3ZkLmpzb25wJTIyJTIwYXN5bmMlM0UlM0MlMkZzY3JpcHQlM0UlMjAlM0NzY3JpcHQlMjBzcmMlM0QlMjIlMkYlMkZmYXN0Lndpc3RpYS5jb20lMkZhc3NldHMlMkZleHRlcm5hbCUyRkUtdjEuanMlMjIlMjBhc3luYyUzRSUzQyUyRnNjcmlwdCUzRSUyMCUzQ2RpdiUyMGNsYXNzJTNEJTIyd2lzdGlhX3Jlc3BvbnNpdmVfcGFkZGluZyUyMiUyMHN0eWxlJTNEJTIycGFkZGluZyUzQTU2LjI1JTI1JTIwMCUyMDAlMjAwJTNCcG9zaXRpb24lM0FyZWxhdGl2ZSUzQiUyMiUzRSUyMCUzQ2RpdiUyMGNsYXNzJTNEJTIyd2lzdGlhX3Jlc3BvbnNpdmVfd3JhcHBlciUyMiUyMHN0eWxlJTNEJTIyaGVpZ2h0JTNBMTAwJTI1JTNCbGVmdCUzQTAlM0Jwb3NpdGlvbiUzQWFic29sdXRlJTNCdG9wJTNBMCUzQndpZHRoJTNBMTAwJTI1JTNCJTIyJTNFJTIwJTNDZGl2JTIwY2xhc3MlM0QlMjJ3aXN0aWFfZW1iZWQlMjB3aXN0aWFfYXN5bmNfMHF0Y2pweG92ZCUyMHNlbyUzRHRydWUlMjB2aWRlb0ZvYW0lM0R0cnVlJTIyJTIwc3R5bGUlM0QlMjJoZWlnaHQlM0ExMDAlMjUlM0J3aWR0aCUzQTEwMCUyNSUyMiUzRSUyNm5ic3AlM0IlM0MlMkZkaXYlM0UlM0MlMkZkaXYlM0UlM0MlMkZkaXYlM0U=[\/vc_raw_html][\/vc_column][\/vc_row][vc_row type=&#8220;in_container&#8220; full_screen_row_position=&#8220;middle&#8220; column_margin=&#8220;default&#8220; column_direction=&#8220;default&#8220; column_direction_tablet=&#8220;default&#8220; column_direction_phone=&#8220;default&#8220; scene_position=&#8220;center&#8220; text_color=&#8220;dark&#8220; text_align=&#8220;left&#8220; row_border_radius=&#8220;none&#8220; row_border_radius_applies=&#8220;bg&#8220; overflow=&#8220;visible&#8220; overlay_strength=&#8220;0.3&#8243; gradient_direction=&#8220;left_to_right&#8220; shape_divider_position=&#8220;bottom&#8220; bg_image_animation=&#8220;none&#8220;][vc_column column_padding=&#8220;no-extra-padding&#8220; column_padding_tablet=&#8220;inherit&#8220; column_padding_phone=&#8220;inherit&#8220; column_padding_position=&#8220;all&#8220; column_element_direction_desktop=&#8220;default&#8220; column_element_spacing=&#8220;default&#8220; desktop_text_alignment=&#8220;default&#8220; tablet_text_alignment=&#8220;default&#8220; phone_text_alignment=&#8220;default&#8220; background_color_opacity=&#8220;1&#8243; background_hover_color_opacity=&#8220;1&#8243; column_backdrop_filter=&#8220;none&#8220; column_shadow=&#8220;none&#8220; column_border_radius=&#8220;none&#8220; column_link_target=&#8220;_self&#8220; column_position=&#8220;default&#8220; gradient_direction=&#8220;left_to_right&#8220; overlay_strength=&#8220;0.3&#8243; width=&#8220;1\/1&#8243; tablet_width_inherit=&#8220;default&#8220; animation_type=&#8220;default&#8220; bg_image_animation=&#8220;none&#8220; border_type=&#8220;simple&#8220; column_border_width=&#8220;none&#8220; column_border_style=&#8220;solid&#8220;][nectar_global_section id=&#8220;355&#8243;][\/vc_column][\/vc_row][vc_row type=&#8220;in_container&#8220; full_screen_row_position=&#8220;middle&#8220; column_margin=&#8220;default&#8220; column_direction=&#8220;default&#8220; column_direction_tablet=&#8220;default&#8220; column_direction_phone=&#8220;default&#8220; scene_position=&#8220;center&#8220; text_color=&#8220;light&#8220; text_align=&#8220;left&#8220; row_border_radius=&#8220;none&#8220; row_border_radius_applies=&#8220;bg&#8220; overflow=&#8220;visible&#8220; overlay_strength=&#8220;0.3&#8243; gradient_direction=&#8220;left_to_right&#8220; shape_divider_position=&#8220;bottom&#8220; bg_image_animation=&#8220;none&#8220; gradient_type=&#8220;default&#8220; shape_type=&#8220;&#8220;][vc_column column_padding=&#8220;no-extra-padding&#8220; column_padding_tablet=&#8220;inherit&#8220; column_padding_phone=&#8220;inherit&#8220; column_padding_position=&#8220;all&#8220; column_element_direction_desktop=&#8220;default&#8220; column_element_spacing=&#8220;default&#8220; desktop_text_alignment=&#8220;default&#8220; tablet_text_alignment=&#8220;default&#8220; phone_text_alignment=&#8220;default&#8220; background_color_opacity=&#8220;1&#8243; background_hover_color_opacity=&#8220;1&#8243; column_backdrop_filter=&#8220;none&#8220; column_shadow=&#8220;none&#8220; column_border_radius=&#8220;none&#8220; column_link_target=&#8220;_self&#8220; column_position=&#8220;default&#8220; gradient_direction=&#8220;left_to_right&#8220; overlay_strength=&#8220;0.3&#8243; width=&#8220;1\/1&#8243; tablet_width_inherit=&#8220;default&#8220; animation_type=&#8220;default&#8220; bg_image_animation=&#8220;none&#8220; border_type=&#8220;simple&#8220; column_border_width=&#8220;none&#8220; column_border_style=&#8220;solid&#8220;][nectar_global_section id=&#8220;357&#8243;][\/vc_column][\/vc_row]\n","protected":false},"excerpt":{"rendered":"<p>[vc_row&#8230;<\/p>\n","protected":false},"author":1,"featured_media":0,"parent":293,"menu_order":9,"comment_status":"closed","ping_status":"closed","template":"","meta":{"footnotes":""},"class_list":["post-884","page","type-page","status-publish"],"_links":{"self":[{"href":"https:\/\/learningglass.eu\/de\/wp-json\/wp\/v2\/pages\/884","targetHints":{"allow":["GET"]}}],"collection":[{"href":"https:\/\/learningglass.eu\/de\/wp-json\/wp\/v2\/pages"}],"about":[{"href":"https:\/\/learningglass.eu\/de\/wp-json\/wp\/v2\/types\/page"}],"author":[{"embeddable":true,"href":"https:\/\/learningglass.eu\/de\/wp-json\/wp\/v2\/users\/1"}],"replies":[{"embeddable":true,"href":"https:\/\/learningglass.eu\/de\/wp-json\/wp\/v2\/comments?post=884"}],"version-history":[{"count":23,"href":"https:\/\/learningglass.eu\/de\/wp-json\/wp\/v2\/pages\/884\/revisions"}],"predecessor-version":[{"id":1656,"href":"https:\/\/learningglass.eu\/de\/wp-json\/wp\/v2\/pages\/884\/revisions\/1656"}],"up":[{"embeddable":true,"href":"https:\/\/learningglass.eu\/de\/wp-json\/wp\/v2\/pages\/293"}],"wp:attachment":[{"href":"https:\/\/learningglass.eu\/de\/wp-json\/wp\/v2\/media?parent=884"}],"curies":[{"name":"wp","href":"https:\/\/api.w.org\/{rel}","templated":true}]}}