{"id":1145,"date":"2024-09-06T10:35:22","date_gmt":"2024-09-06T09:35:22","guid":{"rendered":"https:\/\/learningglass.eu\/de\/?page_id=1145"},"modified":"2025-09-01T21:32:38","modified_gmt":"2025-09-01T19:32:38","slug":"lge-s70-specs","status":"publish","type":"page","link":"https:\/\/learningglass.eu\/de\/smart-lightboard\/lge-s70-specs\/","title":{"rendered":"LGE-S70 Specifications"},"content":{"rendered":"[vc_row type=&#8220;full_width_background&#8220; full_screen_row_position=&#8220;middle&#8220; column_margin=&#8220;default&#8220; column_direction=&#8220;default&#8220; column_direction_tablet=&#8220;default&#8220; column_direction_phone=&#8220;default&#8220; bg_color=&#8220;#000000&#8243; bg_image=&#8220;1115&#8243; bg_image_tablet=&#8220;1116&#8243; bg_image_phone=&#8220;1116&#8243; bg_position=&#8220;center center&#8220; background_image_loading=&#8220;default&#8220; bg_repeat=&#8220;no-repeat&#8220; full_height=&#8220;yes&#8220; scene_position=&#8220;center&#8220; text_color=&#8220;light&#8220; text_align=&#8220;center&#8220; row_border_radius=&#8220;none&#8220; row_border_radius_applies=&#8220;bg&#8220; overflow=&#8220;visible&#8220; color_overlay=&#8220;#000000&#8243; color_overlay_2=&#8220;#000000&#8243; overlay_strength=&#8220;0.3&#8243; gradient_direction=&#8220;left_to_right&#8220; shape_divider_position=&#8220;bottom&#8220; bg_image_animation=&#8220;none&#8220; gradient_type=&#8220;default&#8220; shape_type=&#8220;&#8220;][vc_column column_padding=&#8220;no-extra-padding&#8220; column_padding_tablet=&#8220;inherit&#8220; column_padding_phone=&#8220;inherit&#8220; column_padding_position=&#8220;all&#8220; column_element_direction_desktop=&#8220;default&#8220; column_element_spacing=&#8220;default&#8220; desktop_text_alignment=&#8220;default&#8220; tablet_text_alignment=&#8220;default&#8220; phone_text_alignment=&#8220;default&#8220; background_color_opacity=&#8220;1&#8243; background_hover_color_opacity=&#8220;1&#8243; column_backdrop_filter=&#8220;none&#8220; column_shadow=&#8220;none&#8220; column_border_radius=&#8220;none&#8220; column_link_target=&#8220;_self&#8220; column_position=&#8220;default&#8220; gradient_direction=&#8220;left_to_right&#8220; overlay_strength=&#8220;0.3&#8243; width=&#8220;1\/1&#8243; tablet_width_inherit=&#8220;default&#8220; animation_type=&#8220;default&#8220; bg_image_animation=&#8220;none&#8220; border_type=&#8220;simple&#8220; column_border_width=&#8220;none&#8220; column_border_style=&#8220;solid&#8220;][vc_column_text css=&#8220;&#8220; text_direction=&#8220;default&#8220;]\n<h1>LGE-S70 Smart-Lightboard\u2122 System<\/h1>\n[\/vc_column_text][divider line_type=&#8220;No Line&#8220; custom_height=&#8220;25&#8243;][vc_column_text css=&#8220;&#8220; text_direction=&#8220;default&#8220;]\n<h4>Produktspezifische Details<\/h4>\n[\/vc_column_text][divider line_type=&#8220;No Line&#8220; custom_height=&#8220;25&#8243;][nectar_btn size=&#8220;large&#8220; button_style=&#8220;regular&#8220; button_color_2=&#8220;Extra-Color-1&#8243; icon_family=&#8220;none&#8220; el_class=&#8220;slb-demo&#8220; text=&#8220;Demo Buchen&#8220; url=&#8220;\/de\/demo&#8220; margin_right=&#8220;15&#8243;][\/vc_column][\/vc_row][vc_row type=&#8220;full_width_background&#8220; full_screen_row_position=&#8220;middle&#8220; column_margin=&#8220;default&#8220; column_direction=&#8220;default&#8220; column_direction_tablet=&#8220;default&#8220; column_direction_phone=&#8220;default&#8220; bg_color=&#8220;#f1f2f4&#8243; bg_image=&#8220;945&#8243; background_image_mobile_hidden=&#8220;true&#8220; bg_position=&#8220;right bottom&#8220; background_image_loading=&#8220;default&#8220; bg_repeat=&#8220;no-repeat&#8220; scene_position=&#8220;center&#8220; top_padding=&#8220;100&#8243; bottom_padding=&#8220;40&#8243; top_padding_tablet=&#8220;75&#8243; bottom_padding_tablet=&#8220;40&#8243; top_padding_phone=&#8220;75&#8243; bottom_padding_phone=&#8220;40&#8243; text_color=&#8220;dark&#8220; text_align=&#8220;center&#8220; row_border_radius=&#8220;none&#8220; row_border_radius_applies=&#8220;bg&#8220; overflow=&#8220;visible&#8220; class=&#8220;no-cover&#8220; overlay_strength=&#8220;0.3&#8243; gradient_direction=&#8220;left_to_right&#8220; shape_divider_position=&#8220;bottom&#8220; bg_image_animation=&#8220;none&#8220; gradient_type=&#8220;default&#8220; shape_type=&#8220;&#8220;][vc_column column_padding=&#8220;no-extra-padding&#8220; column_padding_tablet=&#8220;inherit&#8220; column_padding_phone=&#8220;inherit&#8220; column_padding_position=&#8220;all&#8220; column_element_direction_desktop=&#8220;default&#8220; column_element_spacing=&#8220;default&#8220; desktop_text_alignment=&#8220;default&#8220; tablet_text_alignment=&#8220;center&#8220; phone_text_alignment=&#8220;center&#8220; background_color_opacity=&#8220;1&#8243; background_hover_color_opacity=&#8220;1&#8243; column_backdrop_filter=&#8220;none&#8220; column_shadow=&#8220;none&#8220; column_border_radius=&#8220;none&#8220; column_link_target=&#8220;_self&#8220; column_position=&#8220;default&#8220; gradient_direction=&#8220;left_to_right&#8220; overlay_strength=&#8220;0.3&#8243; width=&#8220;1\/1&#8243; tablet_width_inherit=&#8220;default&#8220; animation_type=&#8220;default&#8220; bg_image_animation=&#8220;none&#8220; border_type=&#8220;simple&#8220; column_border_width=&#8220;none&#8220; column_border_style=&#8220;solid&#8220; column_padding_type=&#8220;default&#8220; gradient_type=&#8220;default&#8220;][vc_column_text css=&#8220;&#8220; text_direction=&#8220;default&#8220; max_width=&#8220;800&#8243;]\n<h2>Produkt\u00fcbersicht<\/h2>\n<p>Das 70 Zoll gro\u00dfe Smart-Lightboard LGE-S70 ist f\u00fcr den Einsatz in speziellen R\u00e4umen mit kontrollierter Umgebung, wie beispielsweise einem Studio, konzipiert. Dank der gr\u00f6\u00dferen Arbeitsfl\u00e4che (2,5 x 46 Zoll Smart Lightboard) eignet es sich ideal f\u00fcr Benutzer, die gro\u00dfe Mengen an Inhalten auf dem Bildschirm anzeigen m\u00fcssen, beispielsweise eine lange mathematische Formel oder viele visuelle Elemente gleichzeitig.<\/p>\n<p>Das S70 wird ohne Kamera oder Projektor geliefert. Wir bieten jedoch gerne einen Full-HD Standard-Throw-Beamer an, Sie k\u00f6nnen aber auch Ihren eigenen Beamer verwenden. Wir empfehlen au\u00dferdem einen motorisierten Tisch zur einfachen H\u00f6henverstellung.<\/p>\n<p>Kamera: Die meisten professionellen Kameras sind f\u00fcr Filmaufnahmen geeignet.<\/p>\n<p>Kontaktieren Sie uns gerne f\u00fcr weitere Informationen oder eine Demo.<\/p>\n<p><img loading=\"lazy\" decoding=\"async\" class=\"alignnone size-full wp-image-1829\" src=\"https:\/\/learningglass.eu\/de\/wp-content\/uploads\/sites\/4\/CE_FCC.png\" alt=\"\" width=\"142\" height=\"40\" srcset=\"https:\/\/learningglass.eu\/de\/wp-content\/uploads\/sites\/4\/CE_FCC.png 142w, https:\/\/learningglass.eu\/de\/wp-content\/uploads\/sites\/4\/CE_FCC-140x40.jpg 140w\" sizes=\"auto, (max-width: 142px) 100vw, 142px\" \/>[\/vc_column_text][divider line_type=&#8220;No Line&#8220; custom_height=&#8220;25&#8243;][vc_row_inner column_margin=&#8220;default&#8220; column_direction=&#8220;default&#8220; column_direction_tablet=&#8220;default&#8220; column_direction_phone=&#8220;default&#8220; text_align=&#8220;left&#8220; row_position=&#8220;default&#8220; row_position_tablet=&#8220;inherit&#8220; row_position_phone=&#8220;inherit&#8220; overflow=&#8220;visible&#8220; pointer_events=&#8220;all&#8220;][vc_column_inner column_padding=&#8220;no-extra-padding&#8220; column_padding_tablet=&#8220;inherit&#8220; column_padding_phone=&#8220;inherit&#8220; column_padding_position=&#8220;all&#8220; column_element_direction_desktop=&#8220;default&#8220; column_element_spacing=&#8220;default&#8220; desktop_text_alignment=&#8220;default&#8220; tablet_text_alignment=&#8220;default&#8220; phone_text_alignment=&#8220;default&#8220; background_color_opacity=&#8220;1&#8243; background_hover_color_opacity=&#8220;1&#8243; column_backdrop_filter=&#8220;none&#8220; column_shadow=&#8220;none&#8220; column_border_radius=&#8220;none&#8220; column_link_target=&#8220;_self&#8220; overflow=&#8220;visible&#8220; gradient_direction=&#8220;left_to_right&#8220; overlay_strength=&#8220;0.3&#8243; width=&#8220;1\/4&#8243; tablet_width_inherit=&#8220;default&#8220; animation_type=&#8220;default&#8220; bg_image_animation=&#8220;none&#8220; border_type=&#8220;simple&#8220; column_border_width=&#8220;none&#8220; column_border_style=&#8220;solid&#8220;][\/vc_column_inner][vc_column_inner column_padding=&#8220;no-extra-padding&#8220; column_padding_tablet=&#8220;inherit&#8220; column_padding_phone=&#8220;inherit&#8220; column_padding_position=&#8220;all&#8220; column_element_direction_desktop=&#8220;default&#8220; column_element_spacing=&#8220;default&#8220; desktop_text_alignment=&#8220;default&#8220; tablet_text_alignment=&#8220;default&#8220; phone_text_alignment=&#8220;default&#8220; background_color_opacity=&#8220;1&#8243; background_hover_color_opacity=&#8220;1&#8243; column_backdrop_filter=&#8220;none&#8220; column_shadow=&#8220;none&#8220; column_border_radius=&#8220;none&#8220; column_link_target=&#8220;_self&#8220; overflow=&#8220;visible&#8220; gradient_direction=&#8220;left_to_right&#8220; overlay_strength=&#8220;0.3&#8243; width=&#8220;1\/2&#8243; tablet_width_inherit=&#8220;default&#8220; animation_type=&#8220;default&#8220; bg_image_animation=&#8220;none&#8220; border_type=&#8220;simple&#8220; column_border_width=&#8220;none&#8220; column_border_style=&#8220;solid&#8220;][nectar_global_section id=&#8220;1877&#8243;][\/vc_column_inner][vc_column_inner column_padding=&#8220;no-extra-padding&#8220; column_padding_tablet=&#8220;inherit&#8220; column_padding_phone=&#8220;inherit&#8220; column_padding_position=&#8220;all&#8220; column_element_direction_desktop=&#8220;default&#8220; column_element_spacing=&#8220;default&#8220; desktop_text_alignment=&#8220;default&#8220; tablet_text_alignment=&#8220;default&#8220; phone_text_alignment=&#8220;default&#8220; background_color_opacity=&#8220;1&#8243; background_hover_color_opacity=&#8220;1&#8243; column_backdrop_filter=&#8220;none&#8220; column_shadow=&#8220;none&#8220; column_border_radius=&#8220;none&#8220; column_link_target=&#8220;_self&#8220; overflow=&#8220;visible&#8220; gradient_direction=&#8220;left_to_right&#8220; overlay_strength=&#8220;0.3&#8243; width=&#8220;1\/4&#8243; tablet_width_inherit=&#8220;default&#8220; animation_type=&#8220;default&#8220; bg_image_animation=&#8220;none&#8220; border_type=&#8220;simple&#8220; column_border_width=&#8220;none&#8220; column_border_style=&#8220;solid&#8220;][\/vc_column_inner][\/vc_row_inner][\/vc_column][\/vc_row][vc_row type=&#8220;full_width_background&#8220; full_screen_row_position=&#8220;middle&#8220; column_margin=&#8220;default&#8220; column_direction=&#8220;default&#8220; column_direction_tablet=&#8220;default&#8220; column_direction_phone=&#8220;default&#8220; bg_image=&#8220;958&#8243; background_image_mobile_hidden=&#8220;true&#8220; bg_position=&#8220;right top&#8220; background_image_loading=&#8220;default&#8220; bg_repeat=&#8220;no-repeat&#8220; scene_position=&#8220;center&#8220; top_padding=&#8220;100&#8243; constrain_group_1=&#8220;yes&#8220; bottom_padding=&#8220;100&#8243; top_padding_tablet=&#8220;75&#8243; constrain_group_3=&#8220;yes&#8220; bottom_padding_tablet=&#8220;75&#8243; top_padding_phone=&#8220;75&#8243; constrain_group_5=&#8220;yes&#8220; bottom_padding_phone=&#8220;75&#8243; text_color=&#8220;dark&#8220; text_align=&#8220;center&#8220; row_border_radius=&#8220;none&#8220; row_border_radius_applies=&#8220;bg&#8220; overflow=&#8220;visible&#8220; class=&#8220;no-cover&#8220; overlay_strength=&#8220;0.3&#8243; gradient_direction=&#8220;left_to_right&#8220; shape_divider_position=&#8220;bottom&#8220; bg_image_animation=&#8220;none&#8220; gradient_type=&#8220;default&#8220; shape_type=&#8220;&#8220;][vc_column column_padding=&#8220;no-extra-padding&#8220; column_padding_tablet=&#8220;inherit&#8220; column_padding_phone=&#8220;inherit&#8220; column_padding_position=&#8220;all&#8220; column_element_direction_desktop=&#8220;default&#8220; column_element_spacing=&#8220;default&#8220; desktop_text_alignment=&#8220;default&#8220; tablet_text_alignment=&#8220;center&#8220; phone_text_alignment=&#8220;center&#8220; background_color_opacity=&#8220;1&#8243; background_hover_color_opacity=&#8220;1&#8243; column_backdrop_filter=&#8220;none&#8220; column_shadow=&#8220;none&#8220; column_border_radius=&#8220;none&#8220; column_link_target=&#8220;_self&#8220; column_position=&#8220;default&#8220; gradient_direction=&#8220;left_to_right&#8220; overlay_strength=&#8220;0.3&#8243; width=&#8220;1\/1&#8243; tablet_width_inherit=&#8220;default&#8220; animation_type=&#8220;default&#8220; bg_image_animation=&#8220;none&#8220; border_type=&#8220;simple&#8220; column_border_width=&#8220;none&#8220; column_border_style=&#8220;solid&#8220; column_padding_type=&#8220;default&#8220; gradient_type=&#8220;default&#8220;][vc_column_text css=&#8220;&#8220; text_direction=&#8220;default&#8220;]\n<h3>Abmessungen<\/h3>\n[\/vc_column_text][divider line_type=&#8220;No Line&#8220; custom_height=&#8220;25&#8243;][vc_column_text css=&#8220;&#8220; text_direction=&#8220;default&#8220;]\n\t\t \t<div class=\"item\" style=\"background-color:#ffffff;padding: 0px 0px 0px 0px;\">            \n\t      <div class=\"clearfix\" >\n\n\t        <ul id=\"gwts-gwl-img-gallery1817\" class=\"gwts-gwl-slidergal list-unstyled cS-hidden item-single\" data-litebx=\"false\">\n\t\t\t\t    \n\t\t\t\t\t \t\t<li data-thumb=\"https:\/\/learningglass.eu\/de\/wp-content\/uploads\/sites\/4\/S70V3.1_Top-300x175.jpg\" data-responsive=\"https:\/\/learningglass.eu\/de\/wp-content\/uploads\/sites\/4\/S70V3.1_Top-300x175.jpg\" data-src=\"https:\/\/learningglass.eu\/de\/wp-content\/uploads\/sites\/4\/S70V3.1_Top.jpg\" class=\"\"> \n              \t<img decoding=\"async\" src=\"https:\/\/learningglass.eu\/de\/wp-content\/uploads\/sites\/4\/S70V3.1_Top.jpg\" alt=\"\" \/>\n              \t\t              <\/li>\n\t\t\t\t\t \t\n\t\t\t\t\t \t\t<li data-thumb=\"https:\/\/learningglass.eu\/de\/wp-content\/uploads\/sites\/4\/S70V3.1_Front-300x175.jpg\" data-responsive=\"https:\/\/learningglass.eu\/de\/wp-content\/uploads\/sites\/4\/S70V3.1_Front-300x175.jpg\" data-src=\"https:\/\/learningglass.eu\/de\/wp-content\/uploads\/sites\/4\/S70V3.1_Front.jpg\" class=\"\"> \n              \t<img decoding=\"async\" src=\"https:\/\/learningglass.eu\/de\/wp-content\/uploads\/sites\/4\/S70V3.1_Front.jpg\" alt=\"\" \/>\n              \t\t              <\/li>\n\t\t\t\t\t \t\n\t\t\t\t\t \t\t<li data-thumb=\"https:\/\/learningglass.eu\/de\/wp-content\/uploads\/sites\/4\/S70V3.1_Side-300x175.jpg\" data-responsive=\"https:\/\/learningglass.eu\/de\/wp-content\/uploads\/sites\/4\/S70V3.1_Side-300x175.jpg\" data-src=\"https:\/\/learningglass.eu\/de\/wp-content\/uploads\/sites\/4\/S70V3.1_Side.jpg\" class=\"\"> \n              \t<img decoding=\"async\" src=\"https:\/\/learningglass.eu\/de\/wp-content\/uploads\/sites\/4\/S70V3.1_Side.jpg\" alt=\"\" \/>\n              \t\t              <\/li>\n\t\t\t\t\t \t\n\t\t\t\t\t \t\t<li data-thumb=\"https:\/\/learningglass.eu\/de\/wp-content\/uploads\/sites\/4\/S70V3.1_With-Person_Front-1-300x175.jpg\" data-responsive=\"https:\/\/learningglass.eu\/de\/wp-content\/uploads\/sites\/4\/S70V3.1_With-Person_Front-1-300x175.jpg\" data-src=\"https:\/\/learningglass.eu\/de\/wp-content\/uploads\/sites\/4\/S70V3.1_With-Person_Front-1.jpg\" class=\"\"> \n              \t<img decoding=\"async\" src=\"https:\/\/learningglass.eu\/de\/wp-content\/uploads\/sites\/4\/S70V3.1_With-Person_Front-1.jpg\" alt=\"\" \/>\n              \t\t              <\/li>\n\t\t\t\t\t \t\n\t\t\t\t\t \t\t<li data-thumb=\"https:\/\/learningglass.eu\/de\/wp-content\/uploads\/sites\/4\/S70V3.1_With-Person_Side-1-300x175.jpg\" data-responsive=\"https:\/\/learningglass.eu\/de\/wp-content\/uploads\/sites\/4\/S70V3.1_With-Person_Side-1-300x175.jpg\" data-src=\"https:\/\/learningglass.eu\/de\/wp-content\/uploads\/sites\/4\/S70V3.1_With-Person_Side-1.jpg\" class=\"\"> \n              \t<img decoding=\"async\" src=\"https:\/\/learningglass.eu\/de\/wp-content\/uploads\/sites\/4\/S70V3.1_With-Person_Side-1.jpg\" alt=\"\" \/>\n              \t\t              <\/li>\n\t\t\t\t\t \t\n\t\t\t\t\t \t\t<li data-thumb=\"https:\/\/learningglass.eu\/de\/wp-content\/uploads\/sites\/4\/S70V3.1_With-Person_Top-1-300x175.jpg\" data-responsive=\"https:\/\/learningglass.eu\/de\/wp-content\/uploads\/sites\/4\/S70V3.1_With-Person_Top-1-300x175.jpg\" data-src=\"https:\/\/learningglass.eu\/de\/wp-content\/uploads\/sites\/4\/S70V3.1_With-Person_Top-1.jpg\" class=\"\"> \n              \t<img decoding=\"async\" src=\"https:\/\/learningglass.eu\/de\/wp-content\/uploads\/sites\/4\/S70V3.1_With-Person_Top-1.jpg\" alt=\"\" \/>\n              \t\t              <\/li>\n\t\t\t\t\t \t\t\t\t\t\t<\/ul>\n\t\t\t\t<\/div>\n\t\t\t<\/div>\n\n\t\t\t\t\t\t<style type=\"text\/css\">\n\t\t\t\t.lg .lg-sub-html{\n\t\t\t\t\tdisplay: none !important;\n\t\t\t\t}\n\t\t\t<\/style>\n\t\t\t\n\t\t\t\t\t\t\n\n\t\t\t\t\t\t\t<style>\n\t\t\t\t\t.lSSlideOuter .lSPager.lSGallery {\n\t\t\t\t\t\tmargin-left: auto;\n\t\t\t\t\t\tmargin-right: auto;\n\t\t\t\t\t}\n\t\t\t\t<\/style>\n\t\t\t\t\t\t\t\t<script>\n\t\t    \tjQuery(document).ready(function() {\n\t\t    \t\t\/\/ Ensure lightGallery is available on jQuery\n\t\t    \t\tif (typeof lightGallery !== 'undefined' && !jQuery.fn.lightGallery) {\n\t\t    \t\t\tjQuery.fn.lightGallery = lightGallery;\n\t\t    \t\t}\n\t\t\t\t\tvar setting_download = '';\n\t\t        jQuery('#gwts-gwl-img-gallery1817').lightSlider({\n              item:1,\t\t                \n              slideMargin:10,\n              addClass:'',\n              speed:500,\n              pause:2000,\n              auto:false,\n              loop:false,\n              pager:true,\n              gallery:true,\n              thumbItem:9,\n\t    \t  controls:true,\n\t    \t   \t\t\t\t\t\t\t\n\t    \t\t\t\tresponsive : [\n\t\t            {\n\t                breakpoint:800,\n\t                settings: {\n                    item:1,\n                    slideMove:1,\n                  }\n\t\t            },\n\t\t            {\n\t                breakpoint:641,\n\t                settings: {\n                    item:1,\n                    slideMove:1,\n                  }\n\t\t            },\n\t\t            {\n\t                breakpoint:480,\n\t                settings: {\n                    item:1,\n                    slideMove:1,\n                  }\n\t\t            },\t\t\t\t\t\t           \n\t\t\t\t\t\t  ],\n\t    \t\t\t\t\tuseCSS: true,\n\t        \t\t\tcssEasing: 'ease',\n\t        \t\t\teasing: 'linear',\n\t        \t\t\tkeyPress: false,\n\t        \t\t\tslideEndAnimation: true,\n\t        \t\t\tswipeThreshold: 40,        \t\t\t\n\t\t              \tonSliderLoad: function(el) {\n\t\t\t\t\t\t\tjQuery('#gwts-gwl-img-gallery1817').removeClass('cS-hidden');\n\t\t\t\t\t\t\tjQuery('#gwts-gwl-img-gallery1817').addClass('gwts-loaded');\n\t\t\t\t\t\t\t\n\t\t\t\t\t\t\tvar lithbox = jQuery('#gwts-gwl-img-gallery1817').attr(\"data-litebx\");\n\t\t\t\t\t\t\tif(lithbox=='true'){\n\t\t\t\t\t\t\t\tvar galleryElement = jQuery('#gwts-gwl-img-gallery1817');\n\t\t\t\t\t\t\t\tvar galleryItems = galleryElement.find('.lslide');\n\t\t\t\t\t\t\t\tif(galleryElement.length > 0 && galleryItems.length > 0 && typeof jQuery.fn.lightGallery !== 'undefined'){\n                                    galleryElement.lightGallery({\n                                        download: setting_download,\n                                        selector: '#gwts-gwl-img-gallery1817 li'\n                                    });\n\t\t\t\t\t\t\t\t}\n\t\t\t\t\t\t\t}\t\n\t\t              \t}  \n\t\t\t        });\n\t\t\t\t\t});\n\t\t    \t\t\t\t<\/script>\n\t\t \n<p>H\u00f6henverstellung<br \/>\nEin motorisierter und h\u00f6henverstellbarer Tisch wird empfohlen (nicht im Lieferumfang enthalten).<\/p>\n<p>Alle Ma\u00dfeinheiten in mm[\/vc_column_text][divider line_type=&#8220;No Line&#8220; custom_height=&#8220;25&#8243;][vc_column_text css=&#8220;&#8220; text_direction=&#8220;default&#8220;]\n<table id=\"tablepress-2\" class=\"tablepress tablepress-id-2 tbody-has-connected-cells\">\n<thead>\n<tr class=\"row-1\">\n\t<th class=\"column-1\">KOMPONENTEN<\/th><th class=\"column-2\">SPEZIFIKATIONEN UND ABMESSUNGEN<\/th>\n<\/tr>\n<\/thead>\n<tbody>\n<tr class=\"row-2\">\n\t<td colspan=\"2\" class=\"column-1\"><strong>Bildschirm<\/strong><\/td>\n<\/tr>\n<tr class=\"row-3\">\n\t<td class=\"column-1\">Transparenter Bildschirm mit photonischem Chip<\/td><td class=\"column-2\">HB1, 1521mm * 845.9mm<\/td>\n<\/tr>\n<tr class=\"row-4\">\n\t<td class=\"column-1\">Geh\u00e4rtetes Glas<\/td><td class=\"column-2\">Transparentes geh\u00e4rtetes Wei\u00dfglas, 1570 mm x 900 mm, St\u00e4rke 3.5mm<\/td>\n<\/tr>\n<tr class=\"row-5\">\n\t<td class=\"column-1\">Arbeitsfl\u00e4che aus Glas<\/td><td class=\"column-2\">1521mm * 845.9mm<\/td>\n<\/tr>\n<tr class=\"row-6\">\n\t<td colspan=\"2\" class=\"column-1\"><strong>Projektion<\/strong><\/td>\n<\/tr>\n<tr class=\"row-7\">\n\t<td class=\"column-1\">Standard-Throw-Beamer<\/td><td class=\"column-2\">Throw ratio 1.4-2.24, Full HD (1920 x 1080), 4500 ANSI lumens<\/td>\n<\/tr>\n<tr class=\"row-8\">\n\t<td class=\"column-1\">Abmessungen<\/td><td class=\"column-2\">274\u00d7216\u00d7114 mm<\/td>\n<\/tr>\n<tr class=\"row-9\">\n\t<td class=\"column-1\">Gewicht Beamer<\/td><td class=\"column-2\">3kg<\/td>\n<\/tr>\n<tr class=\"row-10\">\n\t<td colspan=\"2\" class=\"column-1\"><strong>Interaktive Ausr\u00fcstung<\/strong><\/td>\n<\/tr>\n<tr class=\"row-11\">\n\t<td class=\"column-1\">Projected Capacitive Touch (PCT)<\/td><td class=\"column-2\">70 Zoll 40-Punkt-Multitouch, 1521 mm x 845,9 mm, Stift im Lieferumfang enthalten<\/td>\n<\/tr>\n<tr class=\"row-12\">\n\t<td colspan=\"2\" class=\"column-1\"><strong>Strukturteile<\/strong><\/td>\n<\/tr>\n<tr class=\"row-13\">\n\t<td class=\"column-1\">Schnittstelle<\/td><td class=\"column-2\">HDMI2.0, USB3.0<\/td>\n<\/tr>\n<tr class=\"row-14\">\n\t<td class=\"column-1\">Bildschirmrahmen<\/td><td class=\"column-2\">Hochwertiger Aluminiumrahmen, 1615.5*945*30mm<\/td>\n<\/tr>\n<tr class=\"row-15\">\n\t<td class=\"column-1\">Presenter-LED-Leuchten mit Dimmer<\/td><td class=\"column-2\">Farbtemperatur 6000k, 24V Netzteil, Dimmer und Fernbedienung inklusive<\/td>\n<\/tr>\n<tr class=\"row-16\">\n\t<td class=\"column-1\">Verpackungsmaterial (Flight Case)<\/td><td class=\"column-2\">1690mm * 1100mm * 300mm<\/td>\n<\/tr>\n<tr class=\"row-17\">\n\t<td colspan=\"2\" class=\"column-1\"><strong>Gewicht<\/strong><\/td>\n<\/tr>\n<tr class=\"row-18\">\n\t<td class=\"column-1\">Gesamtgewicht (ohne Projektor)<\/td><td class=\"column-2\">22.8kg<\/td>\n<\/tr>\n<tr class=\"row-19\">\n\t<td class=\"column-1\">Gesamtgewicht inkl. des Flight Case<\/td><td class=\"column-2\">73.3 kg<\/td>\n<\/tr>\n<tr class=\"row-20\">\n\t<td class=\"column-1\">Rahmenh\u00f6he<\/td><td class=\"column-2\">1230 mm<\/td>\n<\/tr>\n<\/tbody>\n<\/table>\n<!-- #tablepress-2 from cache -->[\/vc_column_text][\/vc_column][\/vc_row][vc_row type=&#8220;full_width_background&#8220; full_screen_row_position=&#8220;middle&#8220; column_margin=&#8220;default&#8220; column_direction=&#8220;default&#8220; column_direction_tablet=&#8220;default&#8220; column_direction_phone=&#8220;default&#8220; bg_color=&#8220;#4a5df2&#8243; scene_position=&#8220;center&#8220; top_padding=&#8220;60&#8243; constrain_group_1=&#8220;yes&#8220; bottom_padding=&#8220;60&#8243; text_color=&#8220;light&#8220; text_align=&#8220;center&#8220; row_border_radius=&#8220;none&#8220; row_border_radius_applies=&#8220;bg&#8220; overflow=&#8220;visible&#8220; overlay_strength=&#8220;0.3&#8243; gradient_direction=&#8220;left_to_right&#8220; shape_divider_position=&#8220;bottom&#8220; bg_image_animation=&#8220;none&#8220; gradient_type=&#8220;default&#8220; shape_type=&#8220;&#8220;][vc_column column_padding=&#8220;no-extra-padding&#8220; column_padding_tablet=&#8220;inherit&#8220; column_padding_phone=&#8220;inherit&#8220; column_padding_position=&#8220;all&#8220; column_element_direction_desktop=&#8220;default&#8220; column_element_spacing=&#8220;default&#8220; desktop_text_alignment=&#8220;default&#8220; tablet_text_alignment=&#8220;default&#8220; phone_text_alignment=&#8220;default&#8220; background_color_opacity=&#8220;1&#8243; background_hover_color_opacity=&#8220;1&#8243; column_backdrop_filter=&#8220;none&#8220; column_shadow=&#8220;none&#8220; column_border_radius=&#8220;none&#8220; column_link_target=&#8220;_self&#8220; column_position=&#8220;default&#8220; gradient_direction=&#8220;left_to_right&#8220; overlay_strength=&#8220;0.3&#8243; width=&#8220;1\/1&#8243; tablet_width_inherit=&#8220;default&#8220; animation_type=&#8220;default&#8220; bg_image_animation=&#8220;none&#8220; border_type=&#8220;simple&#8220; column_border_width=&#8220;none&#8220; column_border_style=&#8220;solid&#8220;][vc_column_text css=&#8220;&#8220; text_direction=&#8220;default&#8220;]\n<h2>So funktioniert das SMART-Lightboard<\/h2>\n[\/vc_column_text][divider line_type=&#8220;No Line&#8220; custom_height=&#8220;25&#8243;][nectar_btn size=&#8220;large&#8220; button_style=&#8220;regular&#8220; button_color_2=&#8220;Extra-Color-1&#8243; color_override=&#8220;#29cbf7&#8243; icon_family=&#8220;none&#8220; el_class=&#8220;slb-demo&#8220; text=&#8220;Demo Buchen&#8220; url=&#8220;\/de\/demo&#8220;][divider line_type=&#8220;Full Width Line&#8220; line_thickness=&#8220;10&#8243; divider_color=&#8220;default&#8220; custom_height=&#8220;100&#8243;][vc_column_text css=&#8220;&#8220; text_direction=&#8220;default&#8220;]\n<h2>Kontaktieren Sie uns f\u00fcr ein Angebot<\/h2>\n[\/vc_column_text][divider line_type=&#8220;No Line&#8220; custom_height=&#8220;25&#8243;][nectar_btn size=&#8220;large&#8220; button_style=&#8220;regular&#8220; button_color_2=&#8220;Extra-Color-1&#8243; icon_family=&#8220;none&#8220; text=&#8220;Angebot Anfordern&#8220; margin_right=&#8220;15&#8243; url=&#8220;\/de\/quote\/&#8220;][\/vc_column][\/vc_row]\n","protected":false},"excerpt":{"rendered":"<p>[vc_row&#8230;<\/p>\n","protected":false},"author":1,"featured_media":0,"parent":464,"menu_order":6,"comment_status":"closed","ping_status":"closed","template":"","meta":{"footnotes":""},"class_list":["post-1145","page","type-page","status-publish"],"_links":{"self":[{"href":"https:\/\/learningglass.eu\/de\/wp-json\/wp\/v2\/pages\/1145","targetHints":{"allow":["GET"]}}],"collection":[{"href":"https:\/\/learningglass.eu\/de\/wp-json\/wp\/v2\/pages"}],"about":[{"href":"https:\/\/learningglass.eu\/de\/wp-json\/wp\/v2\/types\/page"}],"author":[{"embeddable":true,"href":"https:\/\/learningglass.eu\/de\/wp-json\/wp\/v2\/users\/1"}],"replies":[{"embeddable":true,"href":"https:\/\/learningglass.eu\/de\/wp-json\/wp\/v2\/comments?post=1145"}],"version-history":[{"count":12,"href":"https:\/\/learningglass.eu\/de\/wp-json\/wp\/v2\/pages\/1145\/revisions"}],"predecessor-version":[{"id":1962,"href":"https:\/\/learningglass.eu\/de\/wp-json\/wp\/v2\/pages\/1145\/revisions\/1962"}],"up":[{"embeddable":true,"href":"https:\/\/learningglass.eu\/de\/wp-json\/wp\/v2\/pages\/464"}],"wp:attachment":[{"href":"https:\/\/learningglass.eu\/de\/wp-json\/wp\/v2\/media?parent=1145"}],"curies":[{"name":"wp","href":"https:\/\/api.w.org\/{rel}","templated":true}]}}